{"id":2677,"date":"2022-04-11T20:08:56","date_gmt":"2022-04-11T20:08:56","guid":{"rendered":"https:\/\/basel.m-i.info\/przybycie\/"},"modified":"2025-03-23T16:44:08","modified_gmt":"2025-03-23T16:44:08","slug":"przybycie","status":"publish","type":"page","link":"https:\/\/basel.m-i.info\/pl\/przybycie\/","title":{"rendered":"Przybycie"},"content":{"rendered":"\t\t<div data-elementor-type=\"wp-page\" data-elementor-id=\"2677\" class=\"elementor elementor-2677 elementor-72\">\n\t\t\t\t\t\t<section class=\"elementor-section elementor-top-section elementor-element elementor-element-2105859 elementor-section-boxed elementor-section-height-default elementor-section-height-default\" data-id=\"2105859\" data-element_type=\"section\" data-e-type=\"section\" data-settings=\"{&quot;background_background&quot;:&quot;classic&quot;}\">\n\t\t\t\t\t\t<div class=\"elementor-container elementor-column-gap-default\">\n\t\t\t\t\t<div class=\"elementor-column elementor-col-100 elementor-top-column elementor-element elementor-element-bddfd52\" data-id=\"bddfd52\" data-element_type=\"column\" data-e-type=\"column\">\n\t\t\t<div class=\"elementor-widget-wrap elementor-element-populated\">\n\t\t\t\t\t\t<div class=\"elementor-element elementor-element-23d267a elementor-widget elementor-widget-image\" data-id=\"23d267a\" data-element_type=\"widget\" data-e-type=\"widget\" data-widget_type=\"image.default\">\n\t\t\t\t<div class=\"elementor-widget-container\">\n\t\t\t\t\t\t\t\t\t\t\t\t\t\t\t<img data-recalc-dims=\"1\" decoding=\"async\" src=\"https:\/\/i0.wp.com\/basel.m-i.info\/wp-content\/uploads\/elementor\/thumbs\/header3-pn81tlw0r2pzjnxhh8atrzrlyjyosd75d8srnmhb7q.jpg?ssl=1\" title=\"header3\" alt=\"header3\" loading=\"lazy\" \/>\t\t\t\t\t\t\t\t\t\t\t\t\t\t\t<\/div>\n\t\t\t\t<\/div>\n\t\t\t\t<div class=\"elementor-element elementor-element-6eec04e elementor-widget elementor-widget-heading\" data-id=\"6eec04e\" data-element_type=\"widget\" data-e-type=\"widget\" data-widget_type=\"heading.default\">\n\t\t\t\t<div class=\"elementor-widget-container\">\n\t\t\t\t\t<h1 class=\"elementor-heading-title elementor-size-default\">Przybycie<\/h1>\t\t\t\t<\/div>\n\t\t\t\t<\/div>\n\t\t\t\t<div class=\"elementor-element elementor-element-7e674cc elementor-widget elementor-widget-heading\" data-id=\"7e674cc\" data-element_type=\"widget\" data-e-type=\"widget\" data-widget_type=\"heading.default\">\n\t\t\t\t<div class=\"elementor-widget-container\">\n\t\t\t\t\t<h3 class=\"elementor-heading-title elementor-size-default\">Zalecane: Transportem publicznym<\/h3>\t\t\t\t<\/div>\n\t\t\t\t<\/div>\n\t\t\t\t\t<\/div>\n\t\t<\/div>\n\t\t\t\t\t<\/div>\n\t\t<\/section>\n\t\t\t\t<section class=\"elementor-section elementor-top-section elementor-element elementor-element-47aae38 elementor-section-boxed elementor-section-height-default elementor-section-height-default\" data-id=\"47aae38\" data-element_type=\"section\" data-e-type=\"section\" data-settings=\"{&quot;background_background&quot;:&quot;classic&quot;}\">\n\t\t\t\t\t\t<div class=\"elementor-container elementor-column-gap-default\">\n\t\t\t\t\t<div class=\"elementor-column elementor-col-50 elementor-top-column elementor-element elementor-element-0a58787\" data-id=\"0a58787\" data-element_type=\"column\" data-e-type=\"column\">\n\t\t\t<div class=\"elementor-widget-wrap elementor-element-populated\">\n\t\t\t\t\t\t<div class=\"elementor-element elementor-element-1ff6742 elementor-widget elementor-widget-text-editor\" data-id=\"1ff6742\" data-element_type=\"widget\" data-e-type=\"widget\" data-widget_type=\"text-editor.default\">\n\t\t\t\t<div class=\"elementor-widget-container\">\n\t\t\t\t\t\t\t\t\t<p><span class=\"JsGRdQ\">Do przystanku tramwajowego &#8222;Brombacherstrasse&#8221;. Ze stacji SBB np. <br>19:20 Tramwaj nr 14 kierunek Bazylea, Dreirosenbr\u00fccke (bez przesiadki) za 25 min,<br>19:39 przyjazd Brombacherstrasse<br><\/span><\/p>\n<p><span class=\"JsGRdQ\">Za poprzedni\u0105 godzin\u0119. Wystarczy zorganizowa\u0107 targi godzin\u0119 wcze\u015bniej.<br><\/span><\/p>\n<p><span class=\"JsGRdQ\">Wi\u0119cej informacji na temat po\u0142\u0105cze\u0144 transportowych mo\u017cna znale\u017a\u0107 na stronie <a href=\"https:\/\/sbb.ch\" target=\"_blank\" rel=\"noopener\">sbb.ch<\/a><br><\/span><\/p>\t\t\t\t\t\t\t\t<\/div>\n\t\t\t\t<\/div>\n\t\t\t\t\t<\/div>\n\t\t<\/div>\n\t\t\t\t<div class=\"elementor-column elementor-col-50 elementor-top-column elementor-element elementor-element-43dfb6a\" data-id=\"43dfb6a\" data-element_type=\"column\" data-e-type=\"column\">\n\t\t\t<div class=\"elementor-widget-wrap elementor-element-populated\">\n\t\t\t\t\t\t<div class=\"elementor-element elementor-element-5ecb84b elementor-widget elementor-widget-html\" data-id=\"5ecb84b\" data-element_type=\"widget\" data-e-type=\"widget\" data-widget_type=\"html.default\">\n\t\t\t\t<div class=\"elementor-widget-container\">\n\t\t\t\t\t<iframe src=\"https:\/\/www.google.com\/maps\/embed?pb=!1m18!1m12!1m3!1d2691.8710195903814!2d7.594123951356859!3d47.57029789837586!2m3!1f0!2f0!3f0!3m2!1i1024!2i768!4f13.1!3m3!1m2!1s0x4791b9a2b0af7cdd%3A0xb179deb3f1ec11e5!2sBrombacherstrasse!5e0!3m2!1sde!2sch!4v1649787214727!5m2!1sde!2sch\" width=\"600\" height=\"450\" style=\"border:0;\" allowfullscreen=\"\" loading=\"lazy\" referrerpolicy=\"no-referrer-when-downgrade\"><\/iframe>\t\t\t\t<\/div>\n\t\t\t\t<\/div>\n\t\t\t\t\t<\/div>\n\t\t<\/div>\n\t\t\t\t\t<\/div>\n\t\t<\/section>\n\t\t\t\t<section class=\"elementor-section elementor-top-section elementor-element elementor-element-79d4c4c elementor-section-boxed elementor-section-height-default elementor-section-height-default\" data-id=\"79d4c4c\" data-element_type=\"section\" data-e-type=\"section\" data-settings=\"{&quot;background_background&quot;:&quot;classic&quot;}\">\n\t\t\t\t\t\t<div class=\"elementor-container elementor-column-gap-default\">\n\t\t\t\t\t<div class=\"elementor-column elementor-col-100 elementor-top-column elementor-element elementor-element-adde761\" data-id=\"adde761\" data-element_type=\"column\" data-e-type=\"column\">\n\t\t\t<div class=\"elementor-widget-wrap elementor-element-populated\">\n\t\t\t\t\t\t<div class=\"elementor-element elementor-element-d63ce11 elementor-widget elementor-widget-heading\" data-id=\"d63ce11\" data-element_type=\"widget\" data-e-type=\"widget\" data-widget_type=\"heading.default\">\n\t\t\t\t<div class=\"elementor-widget-container\">\n\t\t\t\t\t<h3 class=\"elementor-heading-title elementor-size-default\">Punkt startowy: Schliengerweg 33<\/h3>\t\t\t\t<\/div>\n\t\t\t\t<\/div>\n\t\t\t\t\t<\/div>\n\t\t<\/div>\n\t\t\t\t\t<\/div>\n\t\t<\/section>\n\t\t\t\t<section class=\"elementor-section elementor-top-section elementor-element elementor-element-58cd064 elementor-section-boxed elementor-section-height-default elementor-section-height-default\" data-id=\"58cd064\" data-element_type=\"section\" data-e-type=\"section\" data-settings=\"{&quot;background_background&quot;:&quot;classic&quot;}\">\n\t\t\t\t\t\t<div class=\"elementor-container elementor-column-gap-default\">\n\t\t\t\t\t<div class=\"elementor-column elementor-col-50 elementor-top-column elementor-element elementor-element-ffdb2f5\" data-id=\"ffdb2f5\" data-element_type=\"column\" data-e-type=\"column\">\n\t\t\t<div class=\"elementor-widget-wrap elementor-element-populated\">\n\t\t\t\t\t\t<div class=\"elementor-element elementor-element-83cd334 elementor-widget elementor-widget-text-editor\" data-id=\"83cd334\" data-element_type=\"widget\" data-e-type=\"widget\" data-widget_type=\"text-editor.default\">\n\t\t\t\t<div class=\"elementor-widget-container\">\n\t\t\t\t\t\t\t\t\t<p><span class=\"JsGRdQ\">Punkt startowy znajduje si\u0119 ok. 300 m na p\u00f3\u0142noc od Brombacherstrasse (do stacji benzynowej Shell, a nast\u0119pnie wzd\u0142u\u017c Schliengerweg) przed kaplic\u0105 \u015bw.<br><\/span><\/p><h3><span class=\"JsGRdQ\"> <\/span><\/h3>\t\t\t\t\t\t\t\t<\/div>\n\t\t\t\t<\/div>\n\t\t\t\t\t<\/div>\n\t\t<\/div>\n\t\t\t\t<div class=\"elementor-column elementor-col-50 elementor-top-column elementor-element elementor-element-30b6480\" data-id=\"30b6480\" data-element_type=\"column\" data-e-type=\"column\">\n\t\t\t<div class=\"elementor-widget-wrap elementor-element-populated\">\n\t\t\t\t\t\t<div class=\"elementor-element elementor-element-0602a2c elementor-widget elementor-widget-image\" data-id=\"0602a2c\" data-element_type=\"widget\" data-e-type=\"widget\" data-widget_type=\"image.default\">\n\t\t\t\t<div class=\"elementor-widget-container\">\n\t\t\t\t\t\t\t\t\t\t\t\t\t\t\t\t<a href=\"https:\/\/i0.wp.com\/basel.m-i.info\/wp-content\/uploads\/2022\/04\/startort1.jpg\" data-elementor-open-lightbox=\"yes\" data-elementor-lightbox-title=\"startort1\" data-e-action-hash=\"#elementor-action%3Aaction%3Dlightbox%26settings%3DeyJpZCI6MTI3OSwidXJsIjoiaHR0cHM6XC9cL2Jhc2VsLm0taS5pbmZvXC93cC1jb250ZW50XC91cGxvYWRzXC8yMDIyXC8wNFwvc3RhcnRvcnQxLmpwZyJ9\">\n\t\t\t\t\t\t\t<img fetchpriority=\"high\" decoding=\"async\" width=\"600\" height=\"600\" src=\"https:\/\/i0.wp.com\/basel.m-i.info\/wp-content\/uploads\/2022\/04\/startort1.jpg?fit=600%2C600&amp;ssl=1\" class=\"attachment-large size-large wp-image-1279\" alt=\"\" \/>\t\t\t\t\t\t\t\t<\/a>\n\t\t\t\t\t\t\t\t\t\t\t\t\t\t\t<\/div>\n\t\t\t\t<\/div>\n\t\t\t\t\t<\/div>\n\t\t<\/div>\n\t\t\t\t\t<\/div>\n\t\t<\/section>\n\t\t\t\t<section class=\"elementor-section elementor-top-section elementor-element elementor-element-890f317 elementor-section-boxed elementor-section-height-default elementor-section-height-default\" data-id=\"890f317\" data-element_type=\"section\" data-e-type=\"section\" data-settings=\"{&quot;background_background&quot;:&quot;classic&quot;}\">\n\t\t\t\t\t\t<div class=\"elementor-container elementor-column-gap-default\">\n\t\t\t\t\t<div class=\"elementor-column elementor-col-100 elementor-top-column elementor-element elementor-element-e47b166\" data-id=\"e47b166\" data-element_type=\"column\" data-e-type=\"column\">\n\t\t\t<div class=\"elementor-widget-wrap elementor-element-populated\">\n\t\t\t\t\t\t<div class=\"elementor-element elementor-element-f70e66a elementor-widget elementor-widget-heading\" data-id=\"f70e66a\" data-element_type=\"widget\" data-e-type=\"widget\" data-widget_type=\"heading.default\">\n\t\t\t\t<div class=\"elementor-widget-container\">\n\t\t\t\t\t<h3 class=\"elementor-heading-title elementor-size-default\">Samochodem<\/h3>\t\t\t\t<\/div>\n\t\t\t\t<\/div>\n\t\t\t\t\t<\/div>\n\t\t<\/div>\n\t\t\t\t\t<\/div>\n\t\t<\/section>\n\t\t\t\t<section class=\"elementor-section elementor-top-section elementor-element elementor-element-79ea3d2 elementor-section-boxed elementor-section-height-default elementor-section-height-default\" data-id=\"79ea3d2\" data-element_type=\"section\" data-e-type=\"section\" data-settings=\"{&quot;background_background&quot;:&quot;classic&quot;}\">\n\t\t\t\t\t\t<div class=\"elementor-container elementor-column-gap-default\">\n\t\t\t\t\t<div class=\"elementor-column elementor-col-50 elementor-top-column elementor-element elementor-element-02f864d\" data-id=\"02f864d\" data-element_type=\"column\" data-e-type=\"column\">\n\t\t\t<div class=\"elementor-widget-wrap elementor-element-populated\">\n\t\t\t\t\t\t<div class=\"elementor-element elementor-element-5c9a9da elementor-widget elementor-widget-text-editor\" data-id=\"5c9a9da\" data-element_type=\"widget\" data-e-type=\"widget\" data-widget_type=\"text-editor.default\">\n\t\t\t\t<div class=\"elementor-widget-container\">\n\t\t\t\t\t\t\t\t\t<p>Parking w miejscu docelowym:<\/p><ul><li>Na wielopoziomowym parkingu &#8222;City&#8221; (Klingelbergstr. 20) dost\u0119pnych jest <strong>1134 miejsc parkingowych <\/strong>(nast\u0119pnie nale\u017cy skorzysta\u0107 z wyj\u015bcia City\/Marktplatz, aby dosta\u0107 si\u0119 do tramwaju Schiffl\u00e4nde).<\/li><li>Na parkingu wielopoziomowym &#8222;Storchen&#8221; (Fischmarkt 10) dost\u0119pne s\u0105<strong> 142 miejsca<\/strong> parkingowe.<\/li><\/ul><p>Stamt\u0105d mo\u017cna dojecha\u0107 tramwajem nr 14 w kierunku Dreirosenbr\u00fccke w 9 minut do punktu pocz\u0105tkowego &#8222;Brombacherstrasse&#8221;, np.<br>19:30 Tramwaj nr 8 w kierunku Dreirosenbr\u00fccke<br>19:39 Przyjazd Brombacherstrasse<\/p><p>Lub dla koneser\u00f3w miasta na piechot\u0119 (ok. 40 minut): wzd\u0142u\u017c Renu do mostu Dreirosenbr\u00fccke, a stamt\u0105d do przystanku tramwajowego Brombacherstrasse.<\/p><p>Za poprzedni\u0105 godzin\u0119. Wystarczy zorganizowa\u0107 targi godzin\u0119 wcze\u015bniej.<\/p>\t\t\t\t\t\t\t\t<\/div>\n\t\t\t\t<\/div>\n\t\t\t\t<div class=\"elementor-element elementor-element-8af648a elementor-widget elementor-widget-spacer\" data-id=\"8af648a\" data-element_type=\"widget\" data-e-type=\"widget\" data-widget_type=\"spacer.default\">\n\t\t\t\t<div class=\"elementor-widget-container\">\n\t\t\t\t\t\t\t<div class=\"elementor-spacer\">\n\t\t\t<div class=\"elementor-spacer-inner\"><\/div>\n\t\t<\/div>\n\t\t\t\t\t\t<\/div>\n\t\t\t\t<\/div>\n\t\t\t\t\t<\/div>\n\t\t<\/div>\n\t\t\t\t<div class=\"elementor-column elementor-col-50 elementor-top-column elementor-element elementor-element-681701e\" data-id=\"681701e\" data-element_type=\"column\" data-e-type=\"column\">\n\t\t\t<div class=\"elementor-widget-wrap elementor-element-populated\">\n\t\t\t\t\t\t<div class=\"elementor-element elementor-element-91e84ea elementor-widget elementor-widget-image\" data-id=\"91e84ea\" data-element_type=\"widget\" data-e-type=\"widget\" data-widget_type=\"image.default\">\n\t\t\t\t<div class=\"elementor-widget-container\">\n\t\t\t\t\t\t\t\t\t\t\t\t\t\t\t<img decoding=\"async\" width=\"1024\" height=\"702\" src=\"https:\/\/i0.wp.com\/basel.m-i.info\/wp-content\/uploads\/2022\/04\/Zielparking2.jpg?fit=1024%2C702&amp;ssl=1\" class=\"attachment-large size-large wp-image-1273\" alt=\"\" srcset=\"https:\/\/i0.wp.com\/basel.m-i.info\/wp-content\/uploads\/2022\/04\/Zielparking2.jpg?w=1725&amp;ssl=1 1725w, https:\/\/i0.wp.com\/basel.m-i.info\/wp-content\/uploads\/2022\/04\/Zielparking2.jpg?resize=300%2C206&amp;ssl=1 300w, https:\/\/i0.wp.com\/basel.m-i.info\/wp-content\/uploads\/2022\/04\/Zielparking2.jpg?resize=1024%2C702&amp;ssl=1 1024w, https:\/\/i0.wp.com\/basel.m-i.info\/wp-content\/uploads\/2022\/04\/Zielparking2.jpg?resize=768%2C526&amp;ssl=1 768w, https:\/\/i0.wp.com\/basel.m-i.info\/wp-content\/uploads\/2022\/04\/Zielparking2.jpg?resize=1536%2C1052&amp;ssl=1 1536w\" sizes=\"(max-width: 1024px) 100vw, 1024px\" \/>\t\t\t\t\t\t\t\t\t\t\t\t\t\t\t<\/div>\n\t\t\t\t<\/div>\n\t\t\t\t\t<\/div>\n\t\t<\/div>\n\t\t\t\t\t<\/div>\n\t\t<\/section>\n\t\t\t\t<section class=\"elementor-section elementor-top-section elementor-element elementor-element-787bc74 elementor-section-boxed elementor-section-height-default elementor-section-height-default\" data-id=\"787bc74\" data-element_type=\"section\" data-e-type=\"section\" data-settings=\"{&quot;background_background&quot;:&quot;classic&quot;}\">\n\t\t\t\t\t\t<div class=\"elementor-container elementor-column-gap-default\">\n\t\t\t\t\t<div class=\"elementor-column elementor-col-100 elementor-top-column elementor-element elementor-element-900a9ce\" data-id=\"900a9ce\" data-element_type=\"column\" data-e-type=\"column\">\n\t\t\t<div class=\"elementor-widget-wrap\">\n\t\t\t\t\t\t\t<\/div>\n\t\t<\/div>\n\t\t\t\t\t<\/div>\n\t\t<\/section>\n\t\t\t\t<\/div>\n\t\t","protected":false},"excerpt":{"rendered":"<p>Przybycie Zalecane: Transportem publicznym Do przystanku tramwajowego &#8222;Brombacherstrasse&#8221;. Ze stacji SBB np. 19:20 Tramwaj nr 14 kierunek Bazylea, Dreirosenbr\u00fccke (bez przesiadki) za 25 min,19:39 przyjazd Brombacherstrasse Za poprzedni\u0105 godzin\u0119. Wystarczy zorganizowa\u0107 targi godzin\u0119 wcze\u015bniej. Wi\u0119cej informacji na temat po\u0142\u0105cze\u0144 transportowych mo\u017cna znale\u017a\u0107 na stronie sbb.ch Punkt startowy: Schliengerweg 33 Punkt startowy znajduje si\u0119 ok. 300 [&hellip;]<\/p>\n","protected":false},"author":1,"featured_media":0,"parent":0,"menu_order":0,"comment_status":"closed","ping_status":"closed","template":"","meta":{"site-sidebar-layout":"no-sidebar","site-content-layout":"page-builder","ast-site-content-layout":"","site-content-style":"default","site-sidebar-style":"default","ast-global-header-display":"","ast-banner-title-visibility":"","ast-main-header-display":"","ast-hfb-above-header-display":"","ast-hfb-below-header-display":"","ast-hfb-mobile-header-display":"","site-post-title":"disabled","ast-breadcrumbs-content":"","ast-featured-img":"disabled","footer-sml-layout":"","theme-transparent-header-meta":"","adv-header-id-meta":"","stick-header-meta":"","header-above-stick-meta":"","header-main-stick-meta":"","header-below-stick-meta":"","astra-migrate-meta-layouts":"default","ast-page-background-enabled":"default","ast-page-background-meta":{"desktop":{"background-color":"var(--ast-global-color-4)","background-image":"","background-repeat":"repeat","background-position":"center center","background-size":"auto","background-attachment":"scroll","background-type":"","background-media":"","overlay-type":"","overlay-color":"","overlay-opacity":"","overlay-gradient":""},"tablet":{"background-color":"","background-image":"","background-repeat":"repeat","background-position":"center center","background-size":"auto","background-attachment":"scroll","background-type":"","background-media":"","overlay-type":"","overlay-color":"","overlay-opacity":"","overlay-gradient":""},"mobile":{"background-color":"","background-image":"","background-repeat":"repeat","background-position":"center center","background-size":"auto","background-attachment":"scroll","background-type":"","background-media":"","overlay-type":"","overlay-color":"","overlay-opacity":"","overlay-gradient":""}},"ast-content-background-meta":{"desktop":{"background-color":"var(--ast-global-color-5)","background-image":"","background-repeat":"repeat","background-position":"center center","background-size":"auto","background-attachment":"scroll","background-type":"","background-media":"","overlay-type":"","overlay-color":"","overlay-opacity":"","overlay-gradient":""},"tablet":{"background-color":"var(--ast-global-color-5)","background-image":"","background-repeat":"repeat","background-position":"center center","background-size":"auto","background-attachment":"scroll","background-type":"","background-media":"","overlay-type":"","overlay-color":"","overlay-opacity":"","overlay-gradient":""},"mobile":{"background-color":"var(--ast-global-color-5)","background-image":"","background-repeat":"repeat","background-position":"center center","background-size":"auto","background-attachment":"scroll","background-type":"","background-media":"","overlay-type":"","overlay-color":"","overlay-opacity":"","overlay-gradient":""}},"footnotes":""},"class_list":["post-2677","page","type-page","status-publish","hentry"],"jetpack_sharing_enabled":true,"_links":{"self":[{"href":"https:\/\/basel.m-i.info\/pl\/wp-json\/wp\/v2\/pages\/2677","targetHints":{"allow":["GET"]}}],"collection":[{"href":"https:\/\/basel.m-i.info\/pl\/wp-json\/wp\/v2\/pages"}],"about":[{"href":"https:\/\/basel.m-i.info\/pl\/wp-json\/wp\/v2\/types\/page"}],"author":[{"embeddable":true,"href":"https:\/\/basel.m-i.info\/pl\/wp-json\/wp\/v2\/users\/1"}],"replies":[{"embeddable":true,"href":"https:\/\/basel.m-i.info\/pl\/wp-json\/wp\/v2\/comments?post=2677"}],"version-history":[{"count":1,"href":"https:\/\/basel.m-i.info\/pl\/wp-json\/wp\/v2\/pages\/2677\/revisions"}],"predecessor-version":[{"id":2679,"href":"https:\/\/basel.m-i.info\/pl\/wp-json\/wp\/v2\/pages\/2677\/revisions\/2679"}],"wp:attachment":[{"href":"https:\/\/basel.m-i.info\/pl\/wp-json\/wp\/v2\/media?parent=2677"}],"curies":[{"name":"wp","href":"https:\/\/api.w.org\/{rel}","templated":true}]}}