{"id":2670,"date":"2022-04-11T18:44:51","date_gmt":"2022-04-11T18:44:51","guid":{"rendered":"https:\/\/basel.m-i.info\/kontekst\/"},"modified":"2025-03-23T16:44:06","modified_gmt":"2025-03-23T16:44:06","slug":"kontekst","status":"publish","type":"page","link":"https:\/\/basel.m-i.info\/pl\/kontekst\/","title":{"rendered":"Kontekst"},"content":{"rendered":"\t\t<div data-elementor-type=\"wp-page\" data-elementor-id=\"2670\" class=\"elementor elementor-2670 elementor-41\">\n\t\t\t\t\t\t<section class=\"elementor-section elementor-top-section elementor-element elementor-element-2105859 elementor-section-boxed elementor-section-height-default elementor-section-height-default\" data-id=\"2105859\" data-element_type=\"section\" data-e-type=\"section\" data-settings=\"{&quot;background_background&quot;:&quot;classic&quot;}\">\n\t\t\t\t\t\t<div class=\"elementor-container elementor-column-gap-default\">\n\t\t\t\t\t<div class=\"elementor-column elementor-col-100 elementor-top-column elementor-element elementor-element-bddfd52\" data-id=\"bddfd52\" data-element_type=\"column\" data-e-type=\"column\">\n\t\t\t<div class=\"elementor-widget-wrap elementor-element-populated\">\n\t\t\t\t\t\t<div class=\"elementor-element elementor-element-23d267a elementor-widget elementor-widget-image\" data-id=\"23d267a\" data-element_type=\"widget\" data-e-type=\"widget\" data-widget_type=\"image.default\">\n\t\t\t\t<div class=\"elementor-widget-container\">\n\t\t\t\t\t\t\t\t\t\t\t\t\t\t\t<img data-recalc-dims=\"1\" decoding=\"async\" src=\"https:\/\/i0.wp.com\/basel.m-i.info\/wp-content\/uploads\/elementor\/thumbs\/header3-pn81tlw0r2pzjnxhh8atrzrlyjyosd75d8srnmhb7q.jpg?ssl=1\" title=\"header3\" alt=\"header3\" loading=\"lazy\" \/>\t\t\t\t\t\t\t\t\t\t\t\t\t\t\t<\/div>\n\t\t\t\t<\/div>\n\t\t\t\t<div class=\"elementor-element elementor-element-6eec04e elementor-widget elementor-widget-heading\" data-id=\"6eec04e\" data-element_type=\"widget\" data-e-type=\"widget\" data-widget_type=\"heading.default\">\n\t\t\t\t<div class=\"elementor-widget-container\">\n\t\t\t\t\t<h1 class=\"elementor-heading-title elementor-size-default\">Dlaczego procesja fatimska w Bazylei?<\/h1>\t\t\t\t<\/div>\n\t\t\t\t<\/div>\n\t\t\t\t<div class=\"elementor-element elementor-element-9746798 elementor-widget elementor-widget-text-editor\" data-id=\"9746798\" data-element_type=\"widget\" data-e-type=\"widget\" data-widget_type=\"text-editor.default\">\n\t\t\t\t<div class=\"elementor-widget-container\">\n\t\t\t\t\t\t\t\t\t<p><span class=\"JsGRdQ\">Ch\u0119tnie przedstawimy tutaj kilka podstawowych informacji&#8230;<br><\/span><\/p>\t\t\t\t\t\t\t\t<\/div>\n\t\t\t\t<\/div>\n\t\t\t\t\t<\/div>\n\t\t<\/div>\n\t\t\t\t\t<\/div>\n\t\t<\/section>\n\t\t\t\t<section class=\"elementor-section elementor-top-section elementor-element elementor-element-d22d745 elementor-section-boxed elementor-section-height-default elementor-section-height-default\" data-id=\"d22d745\" data-element_type=\"section\" data-e-type=\"section\">\n\t\t\t\t\t\t<div class=\"elementor-container elementor-column-gap-default\">\n\t\t\t\t\t<div class=\"elementor-column elementor-col-100 elementor-top-column elementor-element elementor-element-e6010e8\" data-id=\"e6010e8\" data-element_type=\"column\" data-e-type=\"column\">\n\t\t\t<div class=\"elementor-widget-wrap elementor-element-populated\">\n\t\t\t\t\t\t<div class=\"elementor-element elementor-element-518b231 elementor-widget elementor-widget-heading\" data-id=\"518b231\" data-element_type=\"widget\" data-e-type=\"widget\" data-widget_type=\"heading.default\">\n\t\t\t\t<div class=\"elementor-widget-container\">\n\t\t\t\t\t<h2 class=\"elementor-heading-title elementor-size-default\">Fatima 1917<\/h2>\t\t\t\t<\/div>\n\t\t\t\t<\/div>\n\t\t\t\t\t<\/div>\n\t\t<\/div>\n\t\t\t\t\t<\/div>\n\t\t<\/section>\n\t\t\t\t<section class=\"elementor-section elementor-top-section elementor-element elementor-element-2b1dbe4 elementor-section-boxed elementor-section-height-default elementor-section-height-default\" data-id=\"2b1dbe4\" data-element_type=\"section\" data-e-type=\"section\">\n\t\t\t\t\t\t<div class=\"elementor-container elementor-column-gap-default\">\n\t\t\t\t\t<div class=\"elementor-column elementor-col-50 elementor-top-column elementor-element elementor-element-22b61dc\" data-id=\"22b61dc\" data-element_type=\"column\" data-e-type=\"column\">\n\t\t\t<div class=\"elementor-widget-wrap elementor-element-populated\">\n\t\t\t\t\t\t<div class=\"elementor-element elementor-element-c2960f6 elementor-widget elementor-widget-text-editor\" data-id=\"c2960f6\" data-element_type=\"widget\" data-e-type=\"widget\" data-widget_type=\"text-editor.default\">\n\t\t\t\t<div class=\"elementor-widget-container\">\n\t\t\t\t\t\t\t\t\t<p><span class=\"JsGRdQ\">W Fatimie (Portugalia) w dniu <\/span><span class=\"JsGRdQ\">13 maja 1917 r.<\/span><span class=\"JsGRdQ\">  Naj\u015bwi\u0119tsza Maryja Panna trojgu pastuszkom. Aby ostrzec \u015bwiat i Ko\u015bci\u00f3\u0142 Katolicki przed nadchodz\u0105cymi kryzysami i karami, pojawia si\u0119 r\u00f3wnie\u017c 13 dnia miesi\u0105ca, a\u017c do pa\u017adziernika tego samego roku, w kt\u00f3rym to dniu ma miejsce <strong>wielkie wydarzenie <\/strong>.  <\/span><strong><span class=\"JsGRdQ\">S\u0142oneczny cud przed 70 000 os\u00f3b<\/span><\/strong><span class=\"JsGRdQ\">  ma miejsce. Jak  <\/span><span class=\"JsGRdQ\">ostatnia deska ratunku<\/span><span class=\"JsGRdQ\"> dla naszych czas\u00f3w nazywa <\/span><span class=\"JsGRdQ\">modlitw\u0105 r\u00f3\u017ca\u0144cow\u0105<\/span><span class=\"JsGRdQ\"> i <\/span><span class=\"JsGRdQ\">nabo\u017ce\u0144stwo do Jej Niepokalanego Serca<\/span><span class=\"JsGRdQ\">. Objawienia fatimskie zosta\u0142y po\u015bwiadczone przez Ko\u015bci\u00f3\u0142 katolicki w 1930 roku.<\/span><\/p>\t\t\t\t\t\t\t\t<\/div>\n\t\t\t\t<\/div>\n\t\t\t\t<div class=\"elementor-element elementor-element-45d0a43 elementor-widget elementor-widget-button\" data-id=\"45d0a43\" data-element_type=\"widget\" data-e-type=\"widget\" data-widget_type=\"button.default\">\n\t\t\t\t<div class=\"elementor-widget-container\">\n\t\t\t\t\t\t\t\t\t<div class=\"elementor-button-wrapper\">\n\t\t\t\t\t<a class=\"elementor-button elementor-button-link elementor-size-sm\" href=\"https:\/\/m-i.info\/de\/fatima-sonnenwunder-1917\/\" target=\"_blank\">\n\t\t\t\t\t\t<span class=\"elementor-button-content-wrapper\">\n\t\t\t\t\t\t<span class=\"elementor-button-icon\">\n\t\t\t\t<i aria-hidden=\"true\" class=\"far fa-sun\"><\/i>\t\t\t<\/span>\n\t\t\t\t\t\t\t\t\t<span class=\"elementor-button-text\">  Informacje o cudzie s\u0142o\u0144ca w Fatimie<\/span>\n\t\t\t\t\t<\/span>\n\t\t\t\t\t<\/a>\n\t\t\t\t<\/div>\n\t\t\t\t\t\t\t\t<\/div>\n\t\t\t\t<\/div>\n\t\t\t\t<div class=\"elementor-element elementor-element-e1e34d9 elementor-widget elementor-widget-button\" data-id=\"e1e34d9\" data-element_type=\"widget\" data-e-type=\"widget\" data-widget_type=\"button.default\">\n\t\t\t\t<div class=\"elementor-widget-container\">\n\t\t\t\t\t\t\t\t\t<div class=\"elementor-button-wrapper\">\n\t\t\t\t\t<a class=\"elementor-button elementor-button-link elementor-size-sm\" href=\"https:\/\/m-i.info\/de\/fatima-die-grossen-geheimnisse-vom-13-juli-1917\/\" target=\"_blank\">\n\t\t\t\t\t\t<span class=\"elementor-button-content-wrapper\">\n\t\t\t\t\t\t<span class=\"elementor-button-icon\">\n\t\t\t\t<i aria-hidden=\"true\" class=\"fas fa-praying-hands\"><\/i>\t\t\t<\/span>\n\t\t\t\t\t\t\t\t\t<span class=\"elementor-button-text\">  Fatima: wielkie tajemnice z 13 lipca 1917 r.<\/span>\n\t\t\t\t\t<\/span>\n\t\t\t\t\t<\/a>\n\t\t\t\t<\/div>\n\t\t\t\t\t\t\t\t<\/div>\n\t\t\t\t<\/div>\n\t\t\t\t\t<\/div>\n\t\t<\/div>\n\t\t\t\t<div class=\"elementor-column elementor-col-50 elementor-top-column elementor-element elementor-element-153d1f5\" data-id=\"153d1f5\" data-element_type=\"column\" data-e-type=\"column\">\n\t\t\t<div class=\"elementor-widget-wrap elementor-element-populated\">\n\t\t\t\t\t\t<div class=\"elementor-element elementor-element-3ab7521 elementor-widget elementor-widget-image\" data-id=\"3ab7521\" data-element_type=\"widget\" data-e-type=\"widget\" data-widget_type=\"image.default\">\n\t\t\t\t<div class=\"elementor-widget-container\">\n\t\t\t\t\t\t\t\t\t\t\t\t\t\t\t<img fetchpriority=\"high\" decoding=\"async\" width=\"300\" height=\"211\" src=\"https:\/\/i0.wp.com\/basel.m-i.info\/wp-content\/uploads\/2022\/04\/children_of_fatima.jpg?fit=300%2C211&amp;ssl=1\" class=\"attachment-medium size-medium wp-image-1249\" alt=\"\" srcset=\"https:\/\/i0.wp.com\/basel.m-i.info\/wp-content\/uploads\/2022\/04\/children_of_fatima.jpg?w=2048&amp;ssl=1 2048w, https:\/\/i0.wp.com\/basel.m-i.info\/wp-content\/uploads\/2022\/04\/children_of_fatima.jpg?resize=300%2C211&amp;ssl=1 300w, https:\/\/i0.wp.com\/basel.m-i.info\/wp-content\/uploads\/2022\/04\/children_of_fatima.jpg?resize=1024%2C720&amp;ssl=1 1024w, https:\/\/i0.wp.com\/basel.m-i.info\/wp-content\/uploads\/2022\/04\/children_of_fatima.jpg?resize=768%2C540&amp;ssl=1 768w, https:\/\/i0.wp.com\/basel.m-i.info\/wp-content\/uploads\/2022\/04\/children_of_fatima.jpg?resize=1536%2C1080&amp;ssl=1 1536w\" sizes=\"(max-width: 300px) 100vw, 300px\" \/>\t\t\t\t\t\t\t\t\t\t\t\t\t\t\t<\/div>\n\t\t\t\t<\/div>\n\t\t\t\t\t<\/div>\n\t\t<\/div>\n\t\t\t\t\t<\/div>\n\t\t<\/section>\n\t\t\t\t<section class=\"elementor-section elementor-top-section elementor-element elementor-element-ea261d2 elementor-section-boxed elementor-section-height-default elementor-section-height-default\" data-id=\"ea261d2\" data-element_type=\"section\" data-e-type=\"section\">\n\t\t\t\t\t\t<div class=\"elementor-container elementor-column-gap-default\">\n\t\t\t\t\t<div class=\"elementor-column elementor-col-100 elementor-top-column elementor-element elementor-element-b07b05b\" data-id=\"b07b05b\" data-element_type=\"column\" data-e-type=\"column\">\n\t\t\t<div class=\"elementor-widget-wrap elementor-element-populated\">\n\t\t\t\t\t\t<div class=\"elementor-element elementor-element-e3ebf1e elementor-widget elementor-widget-spacer\" data-id=\"e3ebf1e\" data-element_type=\"widget\" data-e-type=\"widget\" data-widget_type=\"spacer.default\">\n\t\t\t\t<div class=\"elementor-widget-container\">\n\t\t\t\t\t\t\t<div class=\"elementor-spacer\">\n\t\t\t<div class=\"elementor-spacer-inner\"><\/div>\n\t\t<\/div>\n\t\t\t\t\t\t<\/div>\n\t\t\t\t<\/div>\n\t\t\t\t<div class=\"elementor-element elementor-element-117b4e8 elementor-widget elementor-widget-heading\" data-id=\"117b4e8\" data-element_type=\"widget\" data-e-type=\"widget\" data-widget_type=\"heading.default\">\n\t\t\t\t<div class=\"elementor-widget-container\">\n\t\t\t\t\t<h2 class=\"elementor-heading-title elementor-size-default\">Procesje fatimskie<\/h2>\t\t\t\t<\/div>\n\t\t\t\t<\/div>\n\t\t\t\t\t<\/div>\n\t\t<\/div>\n\t\t\t\t\t<\/div>\n\t\t<\/section>\n\t\t\t\t<section class=\"elementor-section elementor-top-section elementor-element elementor-element-97aab01 elementor-section-boxed elementor-section-height-default elementor-section-height-default\" data-id=\"97aab01\" data-element_type=\"section\" data-e-type=\"section\">\n\t\t\t\t\t\t<div class=\"elementor-container elementor-column-gap-default\">\n\t\t\t\t\t<div class=\"elementor-column elementor-col-50 elementor-top-column elementor-element elementor-element-0baffc7\" data-id=\"0baffc7\" data-element_type=\"column\" data-e-type=\"column\">\n\t\t\t<div class=\"elementor-widget-wrap elementor-element-populated\">\n\t\t\t\t\t\t<div class=\"elementor-element elementor-element-8fc3566 elementor-widget elementor-widget-text-editor\" data-id=\"8fc3566\" data-element_type=\"widget\" data-e-type=\"widget\" data-widget_type=\"text-editor.default\">\n\t\t\t\t<div class=\"elementor-widget-container\">\n\t\t\t\t\t\t\t\t\t<p><span class=\"JsGRdQ\">Oko\u0142o 70 lat temu, w maju 1952r,<\/span><span class=\"JsGRdQ\"> publiczne nabo\u017ce\u0144stwo do Matki Boskiej Fatimskiej rozpocz\u0119\u0142o si\u0119 w Szwajcarii od wielkiej procesji <\/span><strong><span class=\"JsGRdQ\">procesj\u0105 fatimsk\u0105 w Bazylei, w kt\u00f3rej wzi\u0119\u0142o udzia\u0142 20 000 os\u00f3b.<\/span><\/strong><span class=\"JsGRdQ\">po kt\u00f3rym odb\u0119dzie si\u0119 pielgrzymka przez oko\u0142o 250 parafii. Wznowili\u015bmy to publiczne nabo\u017ce\u0144stwo od 2022 roku.<br><\/span><\/p>\t\t\t\t\t\t\t\t<\/div>\n\t\t\t\t<\/div>\n\t\t\t\t\t<\/div>\n\t\t<\/div>\n\t\t\t\t<div class=\"elementor-column elementor-col-50 elementor-top-column elementor-element elementor-element-47878c7\" data-id=\"47878c7\" data-element_type=\"column\" data-e-type=\"column\">\n\t\t\t<div class=\"elementor-widget-wrap elementor-element-populated\">\n\t\t\t\t\t\t<div class=\"elementor-element elementor-element-2f3c0f6 elementor-widget elementor-widget-image\" data-id=\"2f3c0f6\" data-element_type=\"widget\" data-e-type=\"widget\" data-widget_type=\"image.default\">\n\t\t\t\t<div class=\"elementor-widget-container\">\n\t\t\t\t\t\t\t\t\t\t\t\t\t\t\t<img decoding=\"async\" width=\"300\" height=\"200\" src=\"https:\/\/i0.wp.com\/basel.m-i.info\/wp-content\/uploads\/2022\/04\/Fatima-procession-1951-CROPPED.jpg?fit=300%2C200&amp;ssl=1\" class=\"attachment-medium size-medium wp-image-1255\" alt=\"\" srcset=\"https:\/\/i0.wp.com\/basel.m-i.info\/wp-content\/uploads\/2022\/04\/Fatima-procession-1951-CROPPED.jpg?w=400&amp;ssl=1 400w, https:\/\/i0.wp.com\/basel.m-i.info\/wp-content\/uploads\/2022\/04\/Fatima-procession-1951-CROPPED.jpg?resize=300%2C200&amp;ssl=1 300w\" sizes=\"(max-width: 300px) 100vw, 300px\" \/>\t\t\t\t\t\t\t\t\t\t\t\t\t\t\t<\/div>\n\t\t\t\t<\/div>\n\t\t\t\t\t<\/div>\n\t\t<\/div>\n\t\t\t\t\t<\/div>\n\t\t<\/section>\n\t\t\t\t<section class=\"elementor-section elementor-top-section elementor-element elementor-element-99937fc elementor-section-boxed elementor-section-height-default elementor-section-height-default\" data-id=\"99937fc\" data-element_type=\"section\" data-e-type=\"section\">\n\t\t\t\t\t\t<div class=\"elementor-container elementor-column-gap-default\">\n\t\t\t\t\t<div class=\"elementor-column elementor-col-100 elementor-top-column elementor-element elementor-element-db83a76\" data-id=\"db83a76\" data-element_type=\"column\" data-e-type=\"column\">\n\t\t\t<div class=\"elementor-widget-wrap elementor-element-populated\">\n\t\t\t\t\t\t<div class=\"elementor-element elementor-element-157e1ec elementor-widget elementor-widget-heading\" data-id=\"157e1ec\" data-element_type=\"widget\" data-e-type=\"widget\" data-widget_type=\"heading.default\">\n\t\t\t\t<div class=\"elementor-widget-container\">\n\t\t\t\t\t<h2 class=\"elementor-heading-title elementor-size-default\">Dzi\u015b bardziej aktualne ni\u017c kiedykolwiek<\/h2>\t\t\t\t<\/div>\n\t\t\t\t<\/div>\n\t\t\t\t\t<\/div>\n\t\t<\/div>\n\t\t\t\t\t<\/div>\n\t\t<\/section>\n\t\t\t\t<section class=\"elementor-section elementor-top-section elementor-element elementor-element-cb02839 elementor-section-boxed elementor-section-height-default elementor-section-height-default\" data-id=\"cb02839\" data-element_type=\"section\" data-e-type=\"section\">\n\t\t\t\t\t\t<div class=\"elementor-container elementor-column-gap-default\">\n\t\t\t\t\t<div class=\"elementor-column elementor-col-50 elementor-top-column elementor-element elementor-element-dc54815\" data-id=\"dc54815\" data-element_type=\"column\" data-e-type=\"column\">\n\t\t\t<div class=\"elementor-widget-wrap elementor-element-populated\">\n\t\t\t\t\t\t<div class=\"elementor-element elementor-element-06f5576 elementor-widget elementor-widget-text-editor\" data-id=\"06f5576\" data-element_type=\"widget\" data-e-type=\"widget\" data-widget_type=\"text-editor.default\">\n\t\t\t\t<div class=\"elementor-widget-container\">\n\t\t\t\t\t\t\t\t\t<p><span class=\"JsGRdQ\"><span class=\"S1PPyQ\">Polecajmy Niepokalanemu Sercu nas samych, nasze rodziny, nasz kraj i ca\u0142y \u015bwiat, aby nasta\u0142 pok\u00f3j i aby wszyscy mogli przyj\u015b\u0107 do Jezusa Chrystusa przez Maryj\u0119.<\/span><\/span><\/p><p>Podczas objawienia w Fatimie Matka Bo\u017ca poprosi\u0142a o codzienne odmawianie r\u00f3\u017ca\u0144ca i oddawanie czci Jej Niepokalanemu Sercu. Matka Bo\u017ca prosi\u0142a r\u00f3wnie\u017c, aby papie\u017c wraz ze wszystkimi biskupami po\u015bwi\u0119ci\u0142 Rosj\u0119 Jej Niepokalanemu Sercu i wprowadzi\u0142 komuni\u0119 wynagradzaj\u0105c\u0105 w pierwsze soboty; powiedzia\u0142a: &#8222;Je\u015bli moje pro\u015bby zostan\u0105 spe\u0142nione, Rosja si\u0119 nawr\u00f3ci i zapanuje pok\u00f3j&#8221;. Przes\u0142anie jest wi\u0119c bardzo aktualne, zw\u0142aszcza w obliczu wojny w Ukrainie. Papie\u017c Franciszek po\u015bwi\u0119ci\u0142 r\u00f3wnie\u017c Rosj\u0119 i Ukrain\u0119 Niepokalanemu Sercu Maryi 25 marca 2022 roku.<\/p><p>Wi\u0119cej informacji mo\u017cna znale\u017a\u0107 na stronie <a href=\"https:\/\/suehnesamstag.info\" target=\"_blank\" rel=\"noopener\">https:\/\/suehnesamstag.info<\/a><\/p>\t\t\t\t\t\t\t\t<\/div>\n\t\t\t\t<\/div>\n\t\t\t\t\t<\/div>\n\t\t<\/div>\n\t\t\t\t<div class=\"elementor-column elementor-col-50 elementor-top-column elementor-element elementor-element-902be51\" data-id=\"902be51\" data-element_type=\"column\" data-e-type=\"column\">\n\t\t\t<div class=\"elementor-widget-wrap elementor-element-populated\">\n\t\t\t\t\t\t<div class=\"elementor-element elementor-element-d0ec3ce elementor-widget elementor-widget-heading\" data-id=\"d0ec3ce\" data-element_type=\"widget\" data-e-type=\"widget\" data-widget_type=\"heading.default\">\n\t\t\t\t<div class=\"elementor-widget-container\">\n\t\t\t\t\t<h4 class=\"elementor-heading-title elementor-size-default\">\"Aby zbawi\u0107 biednych grzesznik\u00f3w, B\u00f3g chce ustanowi\u0107 na \u015bwiecie nabo\u017ce\u0144stwo do mojego Niepokalanego Serca\".<br>Matka Bo\u017ca w Fatimie, \n, 13 lipca 1917 r.\n<\/h4>\t\t\t\t<\/div>\n\t\t\t\t<\/div>\n\t\t\t\t\t<\/div>\n\t\t<\/div>\n\t\t\t\t\t<\/div>\n\t\t<\/section>\n\t\t\t\t<section class=\"elementor-section elementor-top-section elementor-element elementor-element-6b8cfa1 elementor-section-boxed elementor-section-height-default elementor-section-height-default\" data-id=\"6b8cfa1\" data-element_type=\"section\" data-e-type=\"section\">\n\t\t\t\t\t\t<div class=\"elementor-container elementor-column-gap-default\">\n\t\t\t\t\t<div class=\"elementor-column elementor-col-100 elementor-top-column elementor-element elementor-element-0deb252\" data-id=\"0deb252\" data-element_type=\"column\" data-e-type=\"column\">\n\t\t\t<div class=\"elementor-widget-wrap elementor-element-populated\">\n\t\t\t\t\t\t<div class=\"elementor-element elementor-element-8419fb1 elementor-widget elementor-widget-spacer\" data-id=\"8419fb1\" data-element_type=\"widget\" data-e-type=\"widget\" data-widget_type=\"spacer.default\">\n\t\t\t\t<div class=\"elementor-widget-container\">\n\t\t\t\t\t\t\t<div class=\"elementor-spacer\">\n\t\t\t<div class=\"elementor-spacer-inner\"><\/div>\n\t\t<\/div>\n\t\t\t\t\t\t<\/div>\n\t\t\t\t<\/div>\n\t\t\t\t<div class=\"elementor-element elementor-element-c9374c4 elementor-widget elementor-widget-spacer\" data-id=\"c9374c4\" data-element_type=\"widget\" data-e-type=\"widget\" data-widget_type=\"spacer.default\">\n\t\t\t\t<div class=\"elementor-widget-container\">\n\t\t\t\t\t\t\t<div class=\"elementor-spacer\">\n\t\t\t<div class=\"elementor-spacer-inner\"><\/div>\n\t\t<\/div>\n\t\t\t\t\t\t<\/div>\n\t\t\t\t<\/div>\n\t\t\t\t\t<\/div>\n\t\t<\/div>\n\t\t\t\t\t<\/div>\n\t\t<\/section>\n\t\t\t\t<\/div>\n\t\t","protected":false},"excerpt":{"rendered":"<p>Dlaczego procesja fatimska w Bazylei? Ch\u0119tnie przedstawimy tutaj kilka podstawowych informacji&#8230; Fatima 1917 W Fatimie (Portugalia) w dniu 13 maja 1917 r. Naj\u015bwi\u0119tsza Maryja Panna trojgu pastuszkom. Aby ostrzec \u015bwiat i Ko\u015bci\u00f3\u0142 Katolicki przed nadchodz\u0105cymi kryzysami i karami, pojawia si\u0119 r\u00f3wnie\u017c 13 dnia miesi\u0105ca, a\u017c do pa\u017adziernika tego samego roku, w kt\u00f3rym to dniu ma [&hellip;]<\/p>\n","protected":false},"author":1,"featured_media":0,"parent":0,"menu_order":0,"comment_status":"closed","ping_status":"closed","template":"","meta":{"site-sidebar-layout":"no-sidebar","site-content-layout":"page-builder","ast-site-content-layout":"","site-content-style":"default","site-sidebar-style":"default","ast-global-header-display":"","ast-banner-title-visibility":"","ast-main-header-display":"","ast-hfb-above-header-display":"","ast-hfb-below-header-display":"","ast-hfb-mobile-header-display":"","site-post-title":"disabled","ast-breadcrumbs-content":"","ast-featured-img":"disabled","footer-sml-layout":"","theme-transparent-header-meta":"","adv-header-id-meta":"","stick-header-meta":"","header-above-stick-meta":"","header-main-stick-meta":"","header-below-stick-meta":"","astra-migrate-meta-layouts":"default","ast-page-background-enabled":"default","ast-page-background-meta":{"desktop":{"background-color":"var(--ast-global-color-4)","background-image":"","background-repeat":"repeat","background-position":"center center","background-size":"auto","background-attachment":"scroll","background-type":"","background-media":"","overlay-type":"","overlay-color":"","overlay-opacity":"","overlay-gradient":""},"tablet":{"background-color":"","background-image":"","background-repeat":"repeat","background-position":"center center","background-size":"auto","background-attachment":"scroll","background-type":"","background-media":"","overlay-type":"","overlay-color":"","overlay-opacity":"","overlay-gradient":""},"mobile":{"background-color":"","background-image":"","background-repeat":"repeat","background-position":"center center","background-size":"auto","background-attachment":"scroll","background-type":"","background-media":"","overlay-type":"","overlay-color":"","overlay-opacity":"","overlay-gradient":""}},"ast-content-background-meta":{"desktop":{"background-color":"var(--ast-global-color-5)","background-image":"","background-repeat":"repeat","background-position":"center center","background-size":"auto","background-attachment":"scroll","background-type":"","background-media":"","overlay-type":"","overlay-color":"","overlay-opacity":"","overlay-gradient":""},"tablet":{"background-color":"var(--ast-global-color-5)","background-image":"","background-repeat":"repeat","background-position":"center center","background-size":"auto","background-attachment":"scroll","background-type":"","background-media":"","overlay-type":"","overlay-color":"","overlay-opacity":"","overlay-gradient":""},"mobile":{"background-color":"var(--ast-global-color-5)","background-image":"","background-repeat":"repeat","background-position":"center center","background-size":"auto","background-attachment":"scroll","background-type":"","background-media":"","overlay-type":"","overlay-color":"","overlay-opacity":"","overlay-gradient":""}},"footnotes":""},"class_list":["post-2670","page","type-page","status-publish","hentry"],"jetpack_sharing_enabled":true,"_links":{"self":[{"href":"https:\/\/basel.m-i.info\/pl\/wp-json\/wp\/v2\/pages\/2670","targetHints":{"allow":["GET"]}}],"collection":[{"href":"https:\/\/basel.m-i.info\/pl\/wp-json\/wp\/v2\/pages"}],"about":[{"href":"https:\/\/basel.m-i.info\/pl\/wp-json\/wp\/v2\/types\/page"}],"author":[{"embeddable":true,"href":"https:\/\/basel.m-i.info\/pl\/wp-json\/wp\/v2\/users\/1"}],"replies":[{"embeddable":true,"href":"https:\/\/basel.m-i.info\/pl\/wp-json\/wp\/v2\/comments?post=2670"}],"version-history":[{"count":1,"href":"https:\/\/basel.m-i.info\/pl\/wp-json\/wp\/v2\/pages\/2670\/revisions"}],"predecessor-version":[{"id":2673,"href":"https:\/\/basel.m-i.info\/pl\/wp-json\/wp\/v2\/pages\/2670\/revisions\/2673"}],"wp:attachment":[{"href":"https:\/\/basel.m-i.info\/pl\/wp-json\/wp\/v2\/media?parent=2670"}],"curies":[{"name":"wp","href":"https:\/\/api.w.org\/{rel}","templated":true}]}}