{"id":4703,"date":"2025-03-23T11:16:49","date_gmt":"2025-03-23T11:16:49","guid":{"rendered":"https:\/\/basel.m-i.info\/visszatekintesek\/"},"modified":"2026-03-26T20:40:27","modified_gmt":"2026-03-26T20:40:27","slug":"visszatekintesek","status":"publish","type":"page","link":"https:\/\/basel.m-i.info\/hu\/visszatekintesek\/","title":{"rendered":"Visszatekint\u00e9sek"},"content":{"rendered":"\t\t<div data-elementor-type=\"wp-page\" data-elementor-id=\"4703\" class=\"elementor elementor-4703 elementor-2632\">\n\t\t\t\t\t\t<section class=\"elementor-section elementor-top-section elementor-element elementor-element-fb9ebbb elementor-section-boxed elementor-section-height-default elementor-section-height-default\" data-id=\"fb9ebbb\" data-element_type=\"section\" data-e-type=\"section\">\n\t\t\t\t\t\t<div class=\"elementor-container elementor-column-gap-default\">\n\t\t\t\t\t<div class=\"elementor-column elementor-col-100 elementor-top-column elementor-element elementor-element-a1e1b22\" data-id=\"a1e1b22\" data-element_type=\"column\" data-e-type=\"column\">\n\t\t\t<div class=\"elementor-widget-wrap elementor-element-populated\">\n\t\t\t\t\t\t<div class=\"elementor-element elementor-element-e778c4b elementor-widget elementor-widget-spacer\" data-id=\"e778c4b\" data-element_type=\"widget\" data-e-type=\"widget\" data-widget_type=\"spacer.default\">\n\t\t\t\t<div class=\"elementor-widget-container\">\n\t\t\t\t\t\t\t<div class=\"elementor-spacer\">\n\t\t\t<div class=\"elementor-spacer-inner\"><\/div>\n\t\t<\/div>\n\t\t\t\t\t\t<\/div>\n\t\t\t\t<\/div>\n\t\t\t\t\t<\/div>\n\t\t<\/div>\n\t\t\t\t\t<\/div>\n\t\t<\/section>\n\t\t\t\t<section class=\"elementor-section elementor-top-section elementor-element elementor-element-99a9364 elementor-section-boxed elementor-section-height-default elementor-section-height-default\" data-id=\"99a9364\" data-element_type=\"section\" data-e-type=\"section\">\n\t\t\t\t\t\t<div class=\"elementor-container elementor-column-gap-default\">\n\t\t\t\t\t<div class=\"elementor-column elementor-col-100 elementor-top-column elementor-element elementor-element-c32a0a8\" data-id=\"c32a0a8\" data-element_type=\"column\" data-e-type=\"column\">\n\t\t\t<div class=\"elementor-widget-wrap elementor-element-populated\">\n\t\t\t\t\t\t<div class=\"elementor-element elementor-element-4baced6 elementor-position-top elementor-widget elementor-widget-image-box\" data-id=\"4baced6\" data-element_type=\"widget\" data-e-type=\"widget\" data-widget_type=\"image-box.default\">\n\t\t\t\t<div class=\"elementor-widget-container\">\n\t\t\t\t\t<div class=\"elementor-image-box-wrapper\"><figure class=\"elementor-image-box-img\"><a href=\"https:\/\/basel.m-i.info\/hu\/2024-es-kritika-2\/\" tabindex=\"-1\"><img fetchpriority=\"high\" decoding=\"async\" width=\"1920\" height=\"1280\" src=\"https:\/\/i0.wp.com\/basel.m-i.info\/wp-content\/uploads\/2024\/05\/DSC0481_1920_basel_orl.jpg?fit=1920%2C1280&amp;ssl=1\" class=\"attachment-full size-full wp-image-4756\" alt=\"\" srcset=\"https:\/\/i0.wp.com\/basel.m-i.info\/wp-content\/uploads\/2024\/05\/DSC0481_1920_basel_orl.jpg?w=1920&amp;ssl=1 1920w, https:\/\/i0.wp.com\/basel.m-i.info\/wp-content\/uploads\/2024\/05\/DSC0481_1920_basel_orl.jpg?resize=300%2C200&amp;ssl=1 300w, https:\/\/i0.wp.com\/basel.m-i.info\/wp-content\/uploads\/2024\/05\/DSC0481_1920_basel_orl.jpg?resize=1024%2C683&amp;ssl=1 1024w, https:\/\/i0.wp.com\/basel.m-i.info\/wp-content\/uploads\/2024\/05\/DSC0481_1920_basel_orl.jpg?resize=768%2C512&amp;ssl=1 768w, https:\/\/i0.wp.com\/basel.m-i.info\/wp-content\/uploads\/2024\/05\/DSC0481_1920_basel_orl.jpg?resize=1536%2C1024&amp;ssl=1 1536w\" sizes=\"(max-width: 1000px) 100vw, 1000px\" \/><\/a><\/figure><div class=\"elementor-image-box-content\"><h3 class=\"elementor-image-box-title\"><a href=\"https:\/\/basel.m-i.info\/hu\/2024-es-kritika-2\/\">2024-es kritika<\/a><\/h3><p class=\"elementor-image-box-description\">2024. m\u00e1jus 17., Fatima menetmenet, mintegy 330 f\u0151vel<\/p><\/div><\/div>\t\t\t\t<\/div>\n\t\t\t\t<\/div>\n\t\t\t\t<div class=\"elementor-element elementor-element-55fc978 elementor-position-top elementor-widget elementor-widget-image-box\" data-id=\"55fc978\" data-element_type=\"widget\" data-e-type=\"widget\" data-widget_type=\"image-box.default\">\n\t\t\t\t<div class=\"elementor-widget-container\">\n\t\t\t\t\t<div class=\"elementor-image-box-wrapper\"><figure class=\"elementor-image-box-img\"><a href=\"https:\/\/basel.m-i.info\/hu\/2023-as-kritika\/\" tabindex=\"-1\"><img decoding=\"async\" width=\"1920\" height=\"1316\" src=\"https:\/\/i0.wp.com\/basel.m-i.info\/wp-content\/uploads\/2023\/05\/DSC_3899_1920_dw.jpg?fit=1920%2C1316&amp;ssl=1\" class=\"attachment-full size-full wp-image-874\" alt=\"\" srcset=\"https:\/\/i0.wp.com\/basel.m-i.info\/wp-content\/uploads\/2023\/05\/DSC_3899_1920_dw.jpg?w=1920&amp;ssl=1 1920w, https:\/\/i0.wp.com\/basel.m-i.info\/wp-content\/uploads\/2023\/05\/DSC_3899_1920_dw.jpg?resize=300%2C206&amp;ssl=1 300w, https:\/\/i0.wp.com\/basel.m-i.info\/wp-content\/uploads\/2023\/05\/DSC_3899_1920_dw.jpg?resize=1024%2C702&amp;ssl=1 1024w, https:\/\/i0.wp.com\/basel.m-i.info\/wp-content\/uploads\/2023\/05\/DSC_3899_1920_dw.jpg?resize=768%2C526&amp;ssl=1 768w, https:\/\/i0.wp.com\/basel.m-i.info\/wp-content\/uploads\/2023\/05\/DSC_3899_1920_dw.jpg?resize=1536%2C1053&amp;ssl=1 1536w\" sizes=\"(max-width: 1000px) 100vw, 1000px\" \/><\/a><\/figure><div class=\"elementor-image-box-content\"><h3 class=\"elementor-image-box-title\"><a href=\"https:\/\/basel.m-i.info\/hu\/2023-as-kritika\/\">2023-as kritika<\/a><\/h3><p class=\"elementor-image-box-description\">2023. m\u00e1jus 12., Fatima felvonul\u00e1s, mintegy 330 f\u0151vel<\/p><\/div><\/div>\t\t\t\t<\/div>\n\t\t\t\t<\/div>\n\t\t\t\t\t<\/div>\n\t\t<\/div>\n\t\t\t\t\t<\/div>\n\t\t<\/section>\n\t\t\t\t<\/div>\n\t\t","protected":false},"excerpt":{"rendered":"<p>2024-es kritika 2024. m\u00e1jus 17., Fatima menetmenet, mintegy 330 f\u0151vel 2023-as kritika 2023. m\u00e1jus 12., Fatima felvonul\u00e1s, mintegy 330 f\u0151vel<\/p>\n","protected":false},"author":1,"featured_media":0,"parent":0,"menu_order":0,"comment_status":"closed","ping_status":"closed","template":"","meta":{"site-sidebar-layout":"no-sidebar","site-content-layout":"page-builder","ast-site-content-layout":"full-width-container","site-content-style":"default","site-sidebar-style":"default","ast-global-header-display":"","ast-banner-title-visibility":"","ast-main-header-display":"","ast-hfb-above-header-display":"","ast-hfb-below-header-display":"","ast-hfb-mobile-header-display":"","site-post-title":"disabled","ast-breadcrumbs-content":"","ast-featured-img":"disabled","footer-sml-layout":"","theme-transparent-header-meta":"","adv-header-id-meta":"","stick-header-meta":"","header-above-stick-meta":"","header-main-stick-meta":"","header-below-stick-meta":"","astra-migrate-meta-layouts":"default","ast-page-background-enabled":"default","ast-page-background-meta":{"desktop":{"background-color":"var(--ast-global-color-4)","background-image":"","background-repeat":"repeat","background-position":"center center","background-size":"auto","background-attachment":"scroll","background-type":"","background-media":"","overlay-type":"","overlay-color":"","overlay-opacity":"","overlay-gradient":""},"tablet":{"background-color":"","background-image":"","background-repeat":"repeat","background-position":"center center","background-size":"auto","background-attachment":"scroll","background-type":"","background-media":"","overlay-type":"","overlay-color":"","overlay-opacity":"","overlay-gradient":""},"mobile":{"background-color":"","background-image":"","background-repeat":"repeat","background-position":"center center","background-size":"auto","background-attachment":"scroll","background-type":"","background-media":"","overlay-type":"","overlay-color":"","overlay-opacity":"","overlay-gradient":""}},"ast-content-background-meta":{"desktop":{"background-color":"var(--ast-global-color-5)","background-image":"","background-repeat":"repeat","background-position":"center center","background-size":"auto","background-attachment":"scroll","background-type":"","background-media":"","overlay-type":"","overlay-color":"","overlay-opacity":"","overlay-gradient":""},"tablet":{"background-color":"var(--ast-global-color-5)","background-image":"","background-repeat":"repeat","background-position":"center center","background-size":"auto","background-attachment":"scroll","background-type":"","background-media":"","overlay-type":"","overlay-color":"","overlay-opacity":"","overlay-gradient":""},"mobile":{"background-color":"var(--ast-global-color-5)","background-image":"","background-repeat":"repeat","background-position":"center center","background-size":"auto","background-attachment":"scroll","background-type":"","background-media":"","overlay-type":"","overlay-color":"","overlay-opacity":"","overlay-gradient":""}},"footnotes":""},"class_list":["post-4703","page","type-page","status-publish","hentry"],"jetpack_sharing_enabled":true,"_links":{"self":[{"href":"https:\/\/basel.m-i.info\/hu\/wp-json\/wp\/v2\/pages\/4703","targetHints":{"allow":["GET"]}}],"collection":[{"href":"https:\/\/basel.m-i.info\/hu\/wp-json\/wp\/v2\/pages"}],"about":[{"href":"https:\/\/basel.m-i.info\/hu\/wp-json\/wp\/v2\/types\/page"}],"author":[{"embeddable":true,"href":"https:\/\/basel.m-i.info\/hu\/wp-json\/wp\/v2\/users\/1"}],"replies":[{"embeddable":true,"href":"https:\/\/basel.m-i.info\/hu\/wp-json\/wp\/v2\/comments?post=4703"}],"version-history":[{"count":2,"href":"https:\/\/basel.m-i.info\/hu\/wp-json\/wp\/v2\/pages\/4703\/revisions"}],"predecessor-version":[{"id":4797,"href":"https:\/\/basel.m-i.info\/hu\/wp-json\/wp\/v2\/pages\/4703\/revisions\/4797"}],"wp:attachment":[{"href":"https:\/\/basel.m-i.info\/hu\/wp-json\/wp\/v2\/media?parent=4703"}],"curies":[{"name":"wp","href":"https:\/\/api.w.org\/{rel}","templated":true}]}}