{"id":2837,"date":"2022-04-11T18:44:51","date_gmt":"2022-04-11T18:44:51","guid":{"rendered":"https:\/\/basel.m-i.info\/hatter\/"},"modified":"2025-04-05T19:19:56","modified_gmt":"2025-04-05T19:19:56","slug":"hatter","status":"publish","type":"page","link":"https:\/\/basel.m-i.info\/hu\/hatter\/","title":{"rendered":"H\u00e1tt\u00e9r"},"content":{"rendered":"\t\t<div data-elementor-type=\"wp-page\" data-elementor-id=\"2837\" class=\"elementor elementor-2837 elementor-41\">\n\t\t\t\t\t\t<section class=\"elementor-section elementor-top-section elementor-element elementor-element-2105859 elementor-section-boxed elementor-section-height-default elementor-section-height-default\" data-id=\"2105859\" data-element_type=\"section\" data-e-type=\"section\" data-settings=\"{&quot;background_background&quot;:&quot;classic&quot;}\">\n\t\t\t\t\t\t<div class=\"elementor-container elementor-column-gap-default\">\n\t\t\t\t\t<div class=\"elementor-column elementor-col-100 elementor-top-column elementor-element elementor-element-bddfd52\" data-id=\"bddfd52\" data-element_type=\"column\" data-e-type=\"column\">\n\t\t\t<div class=\"elementor-widget-wrap elementor-element-populated\">\n\t\t\t\t\t\t<div class=\"elementor-element elementor-element-23d267a elementor-widget elementor-widget-image\" data-id=\"23d267a\" data-element_type=\"widget\" data-e-type=\"widget\" data-widget_type=\"image.default\">\n\t\t\t\t<div class=\"elementor-widget-container\">\n\t\t\t\t\t\t\t\t\t\t\t\t\t\t\t<img data-recalc-dims=\"1\" decoding=\"async\" src=\"https:\/\/i0.wp.com\/basel.m-i.info\/wp-content\/uploads\/elementor\/thumbs\/header3-pn81tlw0r2pzjnxhh8atrzrlyjyosd75d8srnmhb7q.jpg?ssl=1\" title=\"header3\" alt=\"header3\" loading=\"lazy\" \/>\t\t\t\t\t\t\t\t\t\t\t\t\t\t\t<\/div>\n\t\t\t\t<\/div>\n\t\t\t\t<div class=\"elementor-element elementor-element-6eec04e elementor-widget elementor-widget-heading\" data-id=\"6eec04e\" data-element_type=\"widget\" data-e-type=\"widget\" data-widget_type=\"heading.default\">\n\t\t\t\t<div class=\"elementor-widget-container\">\n\t\t\t\t\t<h1 class=\"elementor-heading-title elementor-size-default\">Mi\u00e9rt Fatimai k\u00f6rmenet B\u00e1zelben?<\/h1>\t\t\t\t<\/div>\n\t\t\t\t<\/div>\n\t\t\t\t<div class=\"elementor-element elementor-element-9746798 elementor-widget elementor-widget-text-editor\" data-id=\"9746798\" data-element_type=\"widget\" data-e-type=\"widget\" data-widget_type=\"text-editor.default\">\n\t\t\t\t<div class=\"elementor-widget-container\">\n\t\t\t\t\t\t\t\t\t<p><span class=\"JsGRdQ\">\u00d6r\u00f6mmel ny\u00fajtunk n\u00e9h\u00e1ny h\u00e1tt\u00e9rinform\u00e1ci\u00f3t&#8230;<br><\/span><\/p>\t\t\t\t\t\t\t\t<\/div>\n\t\t\t\t<\/div>\n\t\t\t\t\t<\/div>\n\t\t<\/div>\n\t\t\t\t\t<\/div>\n\t\t<\/section>\n\t\t\t\t<section class=\"elementor-section elementor-top-section elementor-element elementor-element-d22d745 elementor-section-boxed elementor-section-height-default elementor-section-height-default\" data-id=\"d22d745\" data-element_type=\"section\" data-e-type=\"section\">\n\t\t\t\t\t\t<div class=\"elementor-container elementor-column-gap-default\">\n\t\t\t\t\t<div class=\"elementor-column elementor-col-100 elementor-top-column elementor-element elementor-element-e6010e8\" data-id=\"e6010e8\" data-element_type=\"column\" data-e-type=\"column\">\n\t\t\t<div class=\"elementor-widget-wrap elementor-element-populated\">\n\t\t\t\t\t\t<div class=\"elementor-element elementor-element-518b231 elementor-widget elementor-widget-heading\" data-id=\"518b231\" data-element_type=\"widget\" data-e-type=\"widget\" data-widget_type=\"heading.default\">\n\t\t\t\t<div class=\"elementor-widget-container\">\n\t\t\t\t\t<h2 class=\"elementor-heading-title elementor-size-default\">Fatima 1917<\/h2>\t\t\t\t<\/div>\n\t\t\t\t<\/div>\n\t\t\t\t\t<\/div>\n\t\t<\/div>\n\t\t\t\t\t<\/div>\n\t\t<\/section>\n\t\t\t\t<section class=\"elementor-section elementor-top-section elementor-element elementor-element-2b1dbe4 elementor-section-boxed elementor-section-height-default elementor-section-height-default\" data-id=\"2b1dbe4\" data-element_type=\"section\" data-e-type=\"section\">\n\t\t\t\t\t\t<div class=\"elementor-container elementor-column-gap-default\">\n\t\t\t\t\t<div class=\"elementor-column elementor-col-50 elementor-top-column elementor-element elementor-element-22b61dc\" data-id=\"22b61dc\" data-element_type=\"column\" data-e-type=\"column\">\n\t\t\t<div class=\"elementor-widget-wrap elementor-element-populated\">\n\t\t\t\t\t\t<div class=\"elementor-element elementor-element-c2960f6 elementor-widget elementor-widget-text-editor\" data-id=\"c2960f6\" data-element_type=\"widget\" data-e-type=\"widget\" data-widget_type=\"text-editor.default\">\n\t\t\t\t<div class=\"elementor-widget-container\">\n\t\t\t\t\t\t\t\t\t<p><span class=\"JsGRdQ\">Fatim\u00e1ban (Portug\u00e1lia) a <\/span><span class=\"JsGRdQ\">1917. m\u00e1jus 13.<\/span><span class=\"JsGRdQ\">  a Sz\u0171zanya M\u00e1ria h\u00e1rom p\u00e1sztorgyermeknek. Az\u00e9rt, hogy figyelmeztesse a vil\u00e1got \u00e9s a katolikus egyh\u00e1zat az elk\u00f6vetkez\u0151 v\u00e1ls\u00e1gokra \u00e9s b\u00fcntet\u00e9sekre, a k\u00f6vetkez\u0151 h\u00f3nap 13-\u00e1n is megjelenik, eg\u00e9szen ugyanezen \u00e9v okt\u00f3ber\u00e9ig, amikor is <strong>egy nagy <\/strong> <\/span><strong><span class=\"JsGRdQ\">Napcsoda 70.000 ember el\u0151tt<\/span><\/strong><span class=\"JsGRdQ\">  ker\u00fcl sor. Mint  <\/span><span class=\"JsGRdQ\">v\u00e9gs\u0151 megold\u00e1s<\/span><span class=\"JsGRdQ\"> a mi id\u0151nk\u00e9rt h\u00edv <\/span><span class=\"JsGRdQ\">a r\u00f3zsaf\u00fcz\u00e9r im\u00e1dkoz\u00e1s\u00e1t<\/span><span class=\"JsGRdQ\"> \u00e9s <\/span><span class=\"JsGRdQ\">a Szepl\u0151telen Sz\u00edv\u00e9hez val\u00f3 ragaszkod\u00e1sra<\/span><span class=\"JsGRdQ\">. A fatimai jelen\u00e9seket \u00e9s kinyilatkoztat\u00e1sokat a katolikus egyh\u00e1z 1930-ban hiteles\u00edtette.<\/span><\/p>\t\t\t\t\t\t\t\t<\/div>\n\t\t\t\t<\/div>\n\t\t\t\t<div class=\"elementor-element elementor-element-45d0a43 elementor-widget elementor-widget-button\" data-id=\"45d0a43\" data-element_type=\"widget\" data-e-type=\"widget\" data-widget_type=\"button.default\">\n\t\t\t\t<div class=\"elementor-widget-container\">\n\t\t\t\t\t\t\t\t\t<div class=\"elementor-button-wrapper\">\n\t\t\t\t\t<a class=\"elementor-button elementor-button-link elementor-size-sm\" href=\"https:\/\/m-i.info\/de\/fatima-sonnenwunder-1917\/\" target=\"_blank\">\n\t\t\t\t\t\t<span class=\"elementor-button-content-wrapper\">\n\t\t\t\t\t\t<span class=\"elementor-button-icon\">\n\t\t\t\t<i aria-hidden=\"true\" class=\"far fa-sun\"><\/i>\t\t\t<\/span>\n\t\t\t\t\t\t\t\t\t<span class=\"elementor-button-text\">  Inform\u00e1ci\u00f3k a fatimai napcsod\u00e1r\u00f3l<\/span>\n\t\t\t\t\t<\/span>\n\t\t\t\t\t<\/a>\n\t\t\t\t<\/div>\n\t\t\t\t\t\t\t\t<\/div>\n\t\t\t\t<\/div>\n\t\t\t\t<div class=\"elementor-element elementor-element-e1e34d9 elementor-widget elementor-widget-button\" data-id=\"e1e34d9\" data-element_type=\"widget\" data-e-type=\"widget\" data-widget_type=\"button.default\">\n\t\t\t\t<div class=\"elementor-widget-container\">\n\t\t\t\t\t\t\t\t\t<div class=\"elementor-button-wrapper\">\n\t\t\t\t\t<a class=\"elementor-button elementor-button-link elementor-size-sm\" href=\"https:\/\/m-i.info\/de\/fatima-die-grossen-geheimnisse-vom-13-juli-1917\/\" target=\"_blank\">\n\t\t\t\t\t\t<span class=\"elementor-button-content-wrapper\">\n\t\t\t\t\t\t<span class=\"elementor-button-icon\">\n\t\t\t\t<i aria-hidden=\"true\" class=\"fas fa-praying-hands\"><\/i>\t\t\t<\/span>\n\t\t\t\t\t\t\t\t\t<span class=\"elementor-button-text\">  Fatima: 1917. j\u00falius 13. nagy titkai<\/span>\n\t\t\t\t\t<\/span>\n\t\t\t\t\t<\/a>\n\t\t\t\t<\/div>\n\t\t\t\t\t\t\t\t<\/div>\n\t\t\t\t<\/div>\n\t\t\t\t\t<\/div>\n\t\t<\/div>\n\t\t\t\t<div class=\"elementor-column elementor-col-50 elementor-top-column elementor-element elementor-element-153d1f5\" data-id=\"153d1f5\" data-element_type=\"column\" data-e-type=\"column\">\n\t\t\t<div class=\"elementor-widget-wrap elementor-element-populated\">\n\t\t\t\t\t\t<div class=\"elementor-element elementor-element-3ab7521 elementor-widget elementor-widget-image\" data-id=\"3ab7521\" data-element_type=\"widget\" data-e-type=\"widget\" data-widget_type=\"image.default\">\n\t\t\t\t<div class=\"elementor-widget-container\">\n\t\t\t\t\t\t\t\t\t\t\t\t\t\t\t<img fetchpriority=\"high\" decoding=\"async\" width=\"300\" height=\"211\" src=\"https:\/\/i0.wp.com\/basel.m-i.info\/wp-content\/uploads\/2022\/04\/children_of_fatima.jpg?fit=300%2C211&amp;ssl=1\" class=\"attachment-medium size-medium wp-image-2843\" alt=\"\" srcset=\"https:\/\/i0.wp.com\/basel.m-i.info\/wp-content\/uploads\/2022\/04\/children_of_fatima.jpg?w=2048&amp;ssl=1 2048w, https:\/\/i0.wp.com\/basel.m-i.info\/wp-content\/uploads\/2022\/04\/children_of_fatima.jpg?resize=300%2C211&amp;ssl=1 300w, https:\/\/i0.wp.com\/basel.m-i.info\/wp-content\/uploads\/2022\/04\/children_of_fatima.jpg?resize=1024%2C720&amp;ssl=1 1024w, https:\/\/i0.wp.com\/basel.m-i.info\/wp-content\/uploads\/2022\/04\/children_of_fatima.jpg?resize=768%2C540&amp;ssl=1 768w, https:\/\/i0.wp.com\/basel.m-i.info\/wp-content\/uploads\/2022\/04\/children_of_fatima.jpg?resize=1536%2C1080&amp;ssl=1 1536w\" sizes=\"(max-width: 300px) 100vw, 300px\" \/>\t\t\t\t\t\t\t\t\t\t\t\t\t\t\t<\/div>\n\t\t\t\t<\/div>\n\t\t\t\t\t<\/div>\n\t\t<\/div>\n\t\t\t\t\t<\/div>\n\t\t<\/section>\n\t\t\t\t<section class=\"elementor-section elementor-top-section elementor-element elementor-element-ea261d2 elementor-section-boxed elementor-section-height-default elementor-section-height-default\" data-id=\"ea261d2\" data-element_type=\"section\" data-e-type=\"section\">\n\t\t\t\t\t\t<div class=\"elementor-container elementor-column-gap-default\">\n\t\t\t\t\t<div class=\"elementor-column elementor-col-100 elementor-top-column elementor-element elementor-element-b07b05b\" data-id=\"b07b05b\" data-element_type=\"column\" data-e-type=\"column\">\n\t\t\t<div class=\"elementor-widget-wrap elementor-element-populated\">\n\t\t\t\t\t\t<div class=\"elementor-element elementor-element-e3ebf1e elementor-widget elementor-widget-spacer\" data-id=\"e3ebf1e\" data-element_type=\"widget\" data-e-type=\"widget\" data-widget_type=\"spacer.default\">\n\t\t\t\t<div class=\"elementor-widget-container\">\n\t\t\t\t\t\t\t<div class=\"elementor-spacer\">\n\t\t\t<div class=\"elementor-spacer-inner\"><\/div>\n\t\t<\/div>\n\t\t\t\t\t\t<\/div>\n\t\t\t\t<\/div>\n\t\t\t\t<div class=\"elementor-element elementor-element-117b4e8 elementor-widget elementor-widget-heading\" data-id=\"117b4e8\" data-element_type=\"widget\" data-e-type=\"widget\" data-widget_type=\"heading.default\">\n\t\t\t\t<div class=\"elementor-widget-container\">\n\t\t\t\t\t<h2 class=\"elementor-heading-title elementor-size-default\">Fatimai k\u00f6rmenetek<\/h2>\t\t\t\t<\/div>\n\t\t\t\t<\/div>\n\t\t\t\t\t<\/div>\n\t\t<\/div>\n\t\t\t\t\t<\/div>\n\t\t<\/section>\n\t\t\t\t<section class=\"elementor-section elementor-top-section elementor-element elementor-element-97aab01 elementor-section-boxed elementor-section-height-default elementor-section-height-default\" data-id=\"97aab01\" data-element_type=\"section\" data-e-type=\"section\">\n\t\t\t\t\t\t<div class=\"elementor-container elementor-column-gap-default\">\n\t\t\t\t\t<div class=\"elementor-column elementor-col-50 elementor-top-column elementor-element elementor-element-0baffc7\" data-id=\"0baffc7\" data-element_type=\"column\" data-e-type=\"column\">\n\t\t\t<div class=\"elementor-widget-wrap elementor-element-populated\">\n\t\t\t\t\t\t<div class=\"elementor-element elementor-element-8fc3566 elementor-widget elementor-widget-text-editor\" data-id=\"8fc3566\" data-element_type=\"widget\" data-e-type=\"widget\" data-widget_type=\"text-editor.default\">\n\t\t\t\t<div class=\"elementor-widget-container\">\n\t\t\t\t\t\t\t\t\t<p><span class=\"JsGRdQ\">Mintegy 70 \u00e9vvel ezel\u0151tt, 1952 m\u00e1jus\u00e1ban,<\/span><span class=\"JsGRdQ\"> a Fatimai Sz\u0171zanya nyilv\u00e1nos \u00e1h\u00edtata Sv\u00e1jcban egy nagyszab\u00e1s\u00fa <\/span><strong><span class=\"JsGRdQ\">Fatimai k\u00f6rmenettel B\u00e1zelben, 20 000 r\u00e9sztvev\u0151vel.<\/span><\/strong><span class=\"JsGRdQ\">amelyet egy zar\u00e1ndoklat k\u00f6vet mintegy 250 pl\u00e9b\u00e1ni\u00e1n kereszt\u00fcl. Ezt a nyilv\u00e1nos istentiszteletet 2022 \u00f3ta folytatjuk.<br><\/span><\/p>\t\t\t\t\t\t\t\t<\/div>\n\t\t\t\t<\/div>\n\t\t\t\t\t<\/div>\n\t\t<\/div>\n\t\t\t\t<div class=\"elementor-column elementor-col-50 elementor-top-column elementor-element elementor-element-47878c7\" data-id=\"47878c7\" data-element_type=\"column\" data-e-type=\"column\">\n\t\t\t<div class=\"elementor-widget-wrap elementor-element-populated\">\n\t\t\t\t\t\t<div class=\"elementor-element elementor-element-2f3c0f6 elementor-widget elementor-widget-image\" data-id=\"2f3c0f6\" data-element_type=\"widget\" data-e-type=\"widget\" data-widget_type=\"image.default\">\n\t\t\t\t<div class=\"elementor-widget-container\">\n\t\t\t\t\t\t\t\t\t\t\t\t\t\t\t<img decoding=\"async\" width=\"300\" height=\"200\" src=\"https:\/\/i0.wp.com\/basel.m-i.info\/wp-content\/uploads\/2022\/04\/Fatima-procession-1951-CROPPED.jpg?fit=300%2C200&amp;ssl=1\" class=\"attachment-medium size-medium wp-image-2844\" alt=\"\" srcset=\"https:\/\/i0.wp.com\/basel.m-i.info\/wp-content\/uploads\/2022\/04\/Fatima-procession-1951-CROPPED.jpg?w=400&amp;ssl=1 400w, https:\/\/i0.wp.com\/basel.m-i.info\/wp-content\/uploads\/2022\/04\/Fatima-procession-1951-CROPPED.jpg?resize=300%2C200&amp;ssl=1 300w\" sizes=\"(max-width: 300px) 100vw, 300px\" \/>\t\t\t\t\t\t\t\t\t\t\t\t\t\t\t<\/div>\n\t\t\t\t<\/div>\n\t\t\t\t\t<\/div>\n\t\t<\/div>\n\t\t\t\t\t<\/div>\n\t\t<\/section>\n\t\t\t\t<section class=\"elementor-section elementor-top-section elementor-element elementor-element-99937fc elementor-section-boxed elementor-section-height-default elementor-section-height-default\" data-id=\"99937fc\" data-element_type=\"section\" data-e-type=\"section\">\n\t\t\t\t\t\t<div class=\"elementor-container elementor-column-gap-default\">\n\t\t\t\t\t<div class=\"elementor-column elementor-col-100 elementor-top-column elementor-element elementor-element-db83a76\" data-id=\"db83a76\" data-element_type=\"column\" data-e-type=\"column\">\n\t\t\t<div class=\"elementor-widget-wrap elementor-element-populated\">\n\t\t\t\t\t\t<div class=\"elementor-element elementor-element-157e1ec elementor-widget elementor-widget-heading\" data-id=\"157e1ec\" data-element_type=\"widget\" data-e-type=\"widget\" data-widget_type=\"heading.default\">\n\t\t\t\t<div class=\"elementor-widget-container\">\n\t\t\t\t\t<h2 class=\"elementor-heading-title elementor-size-default\">Ma aktu\u00e1lisabb, mint valaha<\/h2>\t\t\t\t<\/div>\n\t\t\t\t<\/div>\n\t\t\t\t\t<\/div>\n\t\t<\/div>\n\t\t\t\t\t<\/div>\n\t\t<\/section>\n\t\t\t\t<section class=\"elementor-section elementor-top-section elementor-element elementor-element-cb02839 elementor-section-boxed elementor-section-height-default elementor-section-height-default\" data-id=\"cb02839\" data-element_type=\"section\" data-e-type=\"section\">\n\t\t\t\t\t\t<div class=\"elementor-container elementor-column-gap-default\">\n\t\t\t\t\t<div class=\"elementor-column elementor-col-50 elementor-top-column elementor-element elementor-element-dc54815\" data-id=\"dc54815\" data-element_type=\"column\" data-e-type=\"column\">\n\t\t\t<div class=\"elementor-widget-wrap elementor-element-populated\">\n\t\t\t\t\t\t<div class=\"elementor-element elementor-element-06f5576 elementor-widget elementor-widget-text-editor\" data-id=\"06f5576\" data-element_type=\"widget\" data-e-type=\"widget\" data-widget_type=\"text-editor.default\">\n\t\t\t\t<div class=\"elementor-widget-container\">\n\t\t\t\t\t\t\t\t\t<p><span class=\"JsGRdQ\"><span class=\"S1PPyQ\">Aj\u00e1nljuk magunkat, csal\u00e1djainkat, orsz\u00e1gunkat \u00e9s az eg\u00e9sz vil\u00e1got a Szepl\u0151telen Sz\u00edvnek, hogy elj\u00f6jj\u00f6n a b\u00e9ke \u00e9s mindenki J\u00e9zus Krisztushoz jusson M\u00e1ria \u00e1ltal.<\/span><\/span><\/p><p>Fatimai jelen\u00e9se sor\u00e1n a Sz\u0171zanya k\u00e9rte a r\u00f3zsaf\u00fcz\u00e9r napi im\u00e1dkoz\u00e1s\u00e1t \u00e9s Szepl\u0151telen Sz\u00edv\u00e9nek tisztelet\u00e9t. A Sz\u0171zanya azt is k\u00e9rte, hogy a p\u00e1pa az \u00f6sszes p\u00fcsp\u00f6kkel egy\u00fctt szentelje meg Oroszorsz\u00e1got az \u0151 Szepl\u0151telen Sz\u00edv\u00e9nek, \u00e9s vezesse be a b\u0171nb\u00e1nati \u00e1ldoz\u00e1st az els\u0151 szombatokon; azt mondta: &#8222;Ha k\u00e9r\u00e9seim teljes\u00fclnek, Oroszorsz\u00e1g megt\u00e9r \u00e9s b\u00e9ke lesz&#8221;. Az \u00fczenet teh\u00e1t nagyon aktu\u00e1lis, k\u00fcl\u00f6n\u00f6sen az ukrajnai h\u00e1bor\u00fa miatt. Ferenc p\u00e1pa 2022. m\u00e1rcius 25-\u00e9n Oroszorsz\u00e1got \u00e9s Ukrajn\u00e1t is M\u00e1ria Szepl\u0151telen Sz\u00edv\u00e9nek szentelte.<\/p><p>Tov\u00e1bbi inform\u00e1ci\u00f3k\u00e9rt l\u00e1sd: <a href=\"https:\/\/suehnesamstag.info\" target=\"_blank\" rel=\"noopener\">https:\/\/suehnesamstag.info<\/a><\/p>\t\t\t\t\t\t\t\t<\/div>\n\t\t\t\t<\/div>\n\t\t\t\t\t<\/div>\n\t\t<\/div>\n\t\t\t\t<div class=\"elementor-column elementor-col-50 elementor-top-column elementor-element elementor-element-902be51\" data-id=\"902be51\" data-element_type=\"column\" data-e-type=\"column\">\n\t\t\t<div class=\"elementor-widget-wrap elementor-element-populated\">\n\t\t\t\t\t\t<div class=\"elementor-element elementor-element-d0ec3ce elementor-widget elementor-widget-heading\" data-id=\"d0ec3ce\" data-element_type=\"widget\" data-e-type=\"widget\" data-widget_type=\"heading.default\">\n\t\t\t\t<div class=\"elementor-widget-container\">\n\t\t\t\t\t<h4 class=\"elementor-heading-title elementor-size-default\">\"A szeg\u00e9ny b\u0171n\u00f6s\u00f6k megment\u00e9se \u00e9rdek\u00e9ben Isten azt akarja, hogy a vil\u00e1gon l\u00e9trej\u00f6jj\u00f6n az \u00e9n Szepl\u0151telen Sz\u00edvem ir\u00e1nti tisztelet.\"<br>Istenanya Fatim\u00e1ban, \n1917. j\u00falius 13-\u00e1n.\n<\/h4>\t\t\t\t<\/div>\n\t\t\t\t<\/div>\n\t\t\t\t\t<\/div>\n\t\t<\/div>\n\t\t\t\t\t<\/div>\n\t\t<\/section>\n\t\t\t\t<section class=\"elementor-section elementor-top-section elementor-element elementor-element-6b8cfa1 elementor-section-boxed elementor-section-height-default elementor-section-height-default\" data-id=\"6b8cfa1\" data-element_type=\"section\" data-e-type=\"section\">\n\t\t\t\t\t\t<div class=\"elementor-container elementor-column-gap-default\">\n\t\t\t\t\t<div class=\"elementor-column elementor-col-100 elementor-top-column elementor-element elementor-element-0deb252\" data-id=\"0deb252\" data-element_type=\"column\" data-e-type=\"column\">\n\t\t\t<div class=\"elementor-widget-wrap elementor-element-populated\">\n\t\t\t\t\t\t<div class=\"elementor-element elementor-element-8419fb1 elementor-widget elementor-widget-spacer\" data-id=\"8419fb1\" data-element_type=\"widget\" data-e-type=\"widget\" data-widget_type=\"spacer.default\">\n\t\t\t\t<div class=\"elementor-widget-container\">\n\t\t\t\t\t\t\t<div class=\"elementor-spacer\">\n\t\t\t<div class=\"elementor-spacer-inner\"><\/div>\n\t\t<\/div>\n\t\t\t\t\t\t<\/div>\n\t\t\t\t<\/div>\n\t\t\t\t<div class=\"elementor-element elementor-element-c9374c4 elementor-widget elementor-widget-spacer\" data-id=\"c9374c4\" data-element_type=\"widget\" data-e-type=\"widget\" data-widget_type=\"spacer.default\">\n\t\t\t\t<div class=\"elementor-widget-container\">\n\t\t\t\t\t\t\t<div class=\"elementor-spacer\">\n\t\t\t<div class=\"elementor-spacer-inner\"><\/div>\n\t\t<\/div>\n\t\t\t\t\t\t<\/div>\n\t\t\t\t<\/div>\n\t\t\t\t\t<\/div>\n\t\t<\/div>\n\t\t\t\t\t<\/div>\n\t\t<\/section>\n\t\t\t\t<\/div>\n\t\t","protected":false},"excerpt":{"rendered":"<p>Mi\u00e9rt Fatimai k\u00f6rmenet B\u00e1zelben? \u00d6r\u00f6mmel ny\u00fajtunk n\u00e9h\u00e1ny h\u00e1tt\u00e9rinform\u00e1ci\u00f3t&#8230; Fatima 1917 Fatim\u00e1ban (Portug\u00e1lia) a 1917. m\u00e1jus 13. a Sz\u0171zanya M\u00e1ria h\u00e1rom p\u00e1sztorgyermeknek. Az\u00e9rt, hogy figyelmeztesse a vil\u00e1got \u00e9s a katolikus egyh\u00e1zat az elk\u00f6vetkez\u0151 v\u00e1ls\u00e1gokra \u00e9s b\u00fcntet\u00e9sekre, a k\u00f6vetkez\u0151 h\u00f3nap 13-\u00e1n is megjelenik, eg\u00e9szen ugyanezen \u00e9v okt\u00f3ber\u00e9ig, amikor is egy nagy Napcsoda 70.000 ember el\u0151tt ker\u00fcl sor. [&hellip;]<\/p>\n","protected":false},"author":1,"featured_media":0,"parent":0,"menu_order":0,"comment_status":"closed","ping_status":"closed","template":"","meta":{"site-sidebar-layout":"no-sidebar","site-content-layout":"page-builder","ast-site-content-layout":"","site-content-style":"default","site-sidebar-style":"default","ast-global-header-display":"","ast-banner-title-visibility":"","ast-main-header-display":"","ast-hfb-above-header-display":"","ast-hfb-below-header-display":"","ast-hfb-mobile-header-display":"","site-post-title":"disabled","ast-breadcrumbs-content":"","ast-featured-img":"disabled","footer-sml-layout":"","theme-transparent-header-meta":"","adv-header-id-meta":"","stick-header-meta":"","header-above-stick-meta":"","header-main-stick-meta":"","header-below-stick-meta":"","astra-migrate-meta-layouts":"default","ast-page-background-enabled":"default","ast-page-background-meta":{"desktop":{"background-color":"var(--ast-global-color-4)","background-image":"","background-repeat":"repeat","background-position":"center center","background-size":"auto","background-attachment":"scroll","background-type":"","background-media":"","overlay-type":"","overlay-color":"","overlay-opacity":"","overlay-gradient":""},"tablet":{"background-color":"","background-image":"","background-repeat":"repeat","background-position":"center center","background-size":"auto","background-attachment":"scroll","background-type":"","background-media":"","overlay-type":"","overlay-color":"","overlay-opacity":"","overlay-gradient":""},"mobile":{"background-color":"","background-image":"","background-repeat":"repeat","background-position":"center center","background-size":"auto","background-attachment":"scroll","background-type":"","background-media":"","overlay-type":"","overlay-color":"","overlay-opacity":"","overlay-gradient":""}},"ast-content-background-meta":{"desktop":{"background-color":"var(--ast-global-color-5)","background-image":"","background-repeat":"repeat","background-position":"center center","background-size":"auto","background-attachment":"scroll","background-type":"","background-media":"","overlay-type":"","overlay-color":"","overlay-opacity":"","overlay-gradient":""},"tablet":{"background-color":"var(--ast-global-color-5)","background-image":"","background-repeat":"repeat","background-position":"center center","background-size":"auto","background-attachment":"scroll","background-type":"","background-media":"","overlay-type":"","overlay-color":"","overlay-opacity":"","overlay-gradient":""},"mobile":{"background-color":"var(--ast-global-color-5)","background-image":"","background-repeat":"repeat","background-position":"center center","background-size":"auto","background-attachment":"scroll","background-type":"","background-media":"","overlay-type":"","overlay-color":"","overlay-opacity":"","overlay-gradient":""}},"footnotes":""},"class_list":["post-2837","page","type-page","status-publish","hentry"],"jetpack_sharing_enabled":true,"_links":{"self":[{"href":"https:\/\/basel.m-i.info\/hu\/wp-json\/wp\/v2\/pages\/2837","targetHints":{"allow":["GET"]}}],"collection":[{"href":"https:\/\/basel.m-i.info\/hu\/wp-json\/wp\/v2\/pages"}],"about":[{"href":"https:\/\/basel.m-i.info\/hu\/wp-json\/wp\/v2\/types\/page"}],"author":[{"embeddable":true,"href":"https:\/\/basel.m-i.info\/hu\/wp-json\/wp\/v2\/users\/1"}],"replies":[{"embeddable":true,"href":"https:\/\/basel.m-i.info\/hu\/wp-json\/wp\/v2\/comments?post=2837"}],"version-history":[{"count":3,"href":"https:\/\/basel.m-i.info\/hu\/wp-json\/wp\/v2\/pages\/2837\/revisions"}],"predecessor-version":[{"id":2863,"href":"https:\/\/basel.m-i.info\/hu\/wp-json\/wp\/v2\/pages\/2837\/revisions\/2863"}],"wp:attachment":[{"href":"https:\/\/basel.m-i.info\/hu\/wp-json\/wp\/v2\/media?parent=2837"}],"curies":[{"name":"wp","href":"https:\/\/api.w.org\/{rel}","templated":true}]}}