{"id":2836,"date":"2022-04-11T20:38:41","date_gmt":"2022-04-11T20:38:41","guid":{"rendered":"https:\/\/basel.m-i.info\/szervezo\/"},"modified":"2025-04-05T19:19:54","modified_gmt":"2025-04-05T19:19:54","slug":"szervezo","status":"publish","type":"page","link":"https:\/\/basel.m-i.info\/hu\/szervezo\/","title":{"rendered":"Szervez\u0151"},"content":{"rendered":"\t\t<div data-elementor-type=\"wp-page\" data-elementor-id=\"2836\" class=\"elementor elementor-2836 elementor-92\">\n\t\t\t\t\t\t<section class=\"elementor-section elementor-top-section elementor-element elementor-element-2105859 elementor-section-boxed elementor-section-height-default elementor-section-height-default\" data-id=\"2105859\" data-element_type=\"section\" data-e-type=\"section\" data-settings=\"{&quot;background_background&quot;:&quot;classic&quot;}\">\n\t\t\t\t\t\t<div class=\"elementor-container elementor-column-gap-default\">\n\t\t\t\t\t<div class=\"elementor-column elementor-col-100 elementor-top-column elementor-element elementor-element-bddfd52\" data-id=\"bddfd52\" data-element_type=\"column\" data-e-type=\"column\">\n\t\t\t<div class=\"elementor-widget-wrap elementor-element-populated\">\n\t\t\t\t\t\t<div class=\"elementor-element elementor-element-23d267a elementor-widget elementor-widget-image\" data-id=\"23d267a\" data-element_type=\"widget\" data-e-type=\"widget\" data-widget_type=\"image.default\">\n\t\t\t\t<div class=\"elementor-widget-container\">\n\t\t\t\t\t\t\t\t\t\t\t\t\t\t\t<img data-recalc-dims=\"1\" decoding=\"async\" src=\"https:\/\/i0.wp.com\/basel.m-i.info\/wp-content\/uploads\/elementor\/thumbs\/header3-pn81tlw0r2pzjnxhh8atrzrlyjyosd75d8srnmhb7q.jpg?ssl=1\" title=\"header3\" alt=\"header3\" loading=\"lazy\" \/>\t\t\t\t\t\t\t\t\t\t\t\t\t\t\t<\/div>\n\t\t\t\t<\/div>\n\t\t\t\t<div class=\"elementor-element elementor-element-6eec04e elementor-widget elementor-widget-heading\" data-id=\"6eec04e\" data-element_type=\"widget\" data-e-type=\"widget\" data-widget_type=\"heading.default\">\n\t\t\t\t<div class=\"elementor-widget-container\">\n\t\t\t\t\t<h1 class=\"elementor-heading-title elementor-size-default\">Szervez\u0151<\/h1>\t\t\t\t<\/div>\n\t\t\t\t<\/div>\n\t\t\t\t\t<\/div>\n\t\t<\/div>\n\t\t\t\t\t<\/div>\n\t\t<\/section>\n\t\t\t\t<section class=\"elementor-section elementor-top-section elementor-element elementor-element-bbd7487 elementor-section-boxed elementor-section-height-default elementor-section-height-default\" data-id=\"bbd7487\" data-element_type=\"section\" data-e-type=\"section\" data-settings=\"{&quot;background_background&quot;:&quot;classic&quot;}\">\n\t\t\t\t\t\t<div class=\"elementor-container elementor-column-gap-default\">\n\t\t\t\t\t<div class=\"elementor-column elementor-col-50 elementor-top-column elementor-element elementor-element-cef1050\" data-id=\"cef1050\" data-element_type=\"column\" data-e-type=\"column\">\n\t\t\t<div class=\"elementor-widget-wrap elementor-element-populated\">\n\t\t\t\t\t\t<div class=\"elementor-element elementor-element-6bf5bbe elementor-invisible elementor-widget elementor-widget-image\" data-id=\"6bf5bbe\" data-element_type=\"widget\" data-e-type=\"widget\" data-settings=\"{&quot;_animation&quot;:&quot;fadeInLeft&quot;}\" data-widget_type=\"image.default\">\n\t\t\t\t<div class=\"elementor-widget-container\">\n\t\t\t\t\t\t\t\t\t\t\t\t\t\t\t<img decoding=\"async\" src=\"https:\/\/i0.wp.com\/basel.m-i.info\/wp-content\/uploads\/2022\/04\/MI-Logo-Basel-quadrat-rund.png?fit=150%2C150&#038;ssl=1\" title=\"MI-Logo-Basel-quadrat-rund\" alt=\"MI-Logo-Basel-quadrat-rund\" loading=\"lazy\" \/>\t\t\t\t\t\t\t\t\t\t\t\t\t\t\t<\/div>\n\t\t\t\t<\/div>\n\t\t\t\t\t<\/div>\n\t\t<\/div>\n\t\t\t\t<div class=\"elementor-column elementor-col-50 elementor-top-column elementor-element elementor-element-89dd1bf\" data-id=\"89dd1bf\" data-element_type=\"column\" data-e-type=\"column\">\n\t\t\t<div class=\"elementor-widget-wrap elementor-element-populated\">\n\t\t\t\t\t\t<div class=\"elementor-element elementor-element-f764f08 elementor-widget elementor-widget-text-editor\" data-id=\"f764f08\" data-element_type=\"widget\" data-e-type=\"widget\" data-widget_type=\"text-editor.default\">\n\t\t\t\t<div class=\"elementor-widget-container\">\n\t\t\t\t\t\t\t\t\t<p><span>A Militia Immaculatae-t 1917. okt\u00f3ber 16-\u00e1n alap\u00edtotta R\u00f3m\u00e1ban Maximilian Kolbe ferences atya, akit k\u00e9s\u0151bb szentt\u00e9 avattak. Sokan az\u00e9rt ismerik, mert az auschwitzi koncentr\u00e1ci\u00f3s t\u00e1borban \u00f6nk\u00e9nt \u00e9let\u00e9t adta egy fogolyt\u00e1rsa apj\u00e1\u00e9rt. \u00c9letm\u0171ve azonban a Militia Immaculatae, egy vil\u00e1gm\u00e9ret\u0171 katolikus szervezet l\u00e9trehoz\u00e1sa volt, amelynek c\u00e9lja, hogy minden lelket megnyerjen az Immaculata (Szepl\u0151telen) sz\u00e1m\u00e1ra. Azok, akik az MI tagjai k\u00edv\u00e1nnak lenni (minden katolikus kereszt\u00e9ny megteheti ezt), teljesen az Immaculat\u00e1nak szentelik magukat, \u00e9s igyekeznek a lehet\u0151 legjobban szolg\u00e1lni \u0151t, mint &#8222;eszk\u00f6z\u00f6k a kez\u00e9ben&#8221;.<strong>&nbsp;<\/strong><\/span><\/p>\n<p><span><strong>B\u00e1zelben <\/strong>az MI k\u00fcl\u00f6nb\u00f6z\u0151 tagjai 2019 v\u00e9ge \u00f3ta havonta tal\u00e1lkoznak im\u00e1ra, besz\u00e9lget\u00e9sekre \u00e9s egy\u00e9b k\u00f6z\u00f6s tev\u00e9kenys\u00e9gekre. Ha felkeltett\u00fck \u00e9rdekl\u0151d\u00e9s\u00e9t, k\u00e9rj\u00fck, vegye fel vel\u00fcnk a <a href=\"https:\/\/basel.m-i.info\/hu\/kapcsolatfelvetel\/\">kapcsolatot<\/a>.  <br><\/span><\/p>\n<p><span>Helysz\u00edn: Szent Ter\u00e9zia k\u00e1polna, <\/span><span>Schliengerweg 33, 4057 B\u00e1zel<\/span><\/p>\n<p><span>A n\u00e9met nyelv\u0171 orsz\u00e1gokban m\u0171k\u00f6d\u0151 Militia Immaculatae-r\u0151l tov\u00e1bbi inform\u00e1ci\u00f3k a k\u00f6vetkez\u0151 c\u00edmen tal\u00e1lhat\u00f3k:<br><\/span><\/p>\t\t\t\t\t\t\t\t<\/div>\n\t\t\t\t<\/div>\n\t\t\t\t<div class=\"elementor-element elementor-element-51fa9ac elementor-widget elementor-widget-button\" data-id=\"51fa9ac\" data-element_type=\"widget\" data-e-type=\"widget\" data-widget_type=\"button.default\">\n\t\t\t\t<div class=\"elementor-widget-container\">\n\t\t\t\t\t\t\t\t\t<div class=\"elementor-button-wrapper\">\n\t\t\t\t\t<a class=\"elementor-button elementor-button-link elementor-size-sm\" href=\"https:\/\/m-i.info\/de\">\n\t\t\t\t\t\t<span class=\"elementor-button-content-wrapper\">\n\t\t\t\t\t\t\t\t\t<span class=\"elementor-button-text\">m-i.info\/en<\/span>\n\t\t\t\t\t<\/span>\n\t\t\t\t\t<\/a>\n\t\t\t\t<\/div>\n\t\t\t\t\t\t\t\t<\/div>\n\t\t\t\t<\/div>\n\t\t\t\t\t<\/div>\n\t\t<\/div>\n\t\t\t\t\t<\/div>\n\t\t<\/section>\n\t\t\t\t<\/div>\n\t\t","protected":false},"excerpt":{"rendered":"<p>Szervez\u0151 A Militia Immaculatae-t 1917. okt\u00f3ber 16-\u00e1n alap\u00edtotta R\u00f3m\u00e1ban Maximilian Kolbe ferences atya, akit k\u00e9s\u0151bb szentt\u00e9 avattak. Sokan az\u00e9rt ismerik, mert az auschwitzi koncentr\u00e1ci\u00f3s t\u00e1borban \u00f6nk\u00e9nt \u00e9let\u00e9t adta egy fogolyt\u00e1rsa apj\u00e1\u00e9rt. \u00c9letm\u0171ve azonban a Militia Immaculatae, egy vil\u00e1gm\u00e9ret\u0171 katolikus szervezet l\u00e9trehoz\u00e1sa volt, amelynek c\u00e9lja, hogy minden lelket megnyerjen az Immaculata (Szepl\u0151telen) sz\u00e1m\u00e1ra. Azok, akik az [&hellip;]<\/p>\n","protected":false},"author":1,"featured_media":2838,"parent":0,"menu_order":0,"comment_status":"closed","ping_status":"closed","template":"","meta":{"site-sidebar-layout":"no-sidebar","site-content-layout":"page-builder","ast-site-content-layout":"full-width-container","site-content-style":"unboxed","site-sidebar-style":"unboxed","ast-global-header-display":"","ast-banner-title-visibility":"","ast-main-header-display":"","ast-hfb-above-header-display":"","ast-hfb-below-header-display":"","ast-hfb-mobile-header-display":"","site-post-title":"disabled","ast-breadcrumbs-content":"","ast-featured-img":"disabled","footer-sml-layout":"","theme-transparent-header-meta":"","adv-header-id-meta":"","stick-header-meta":"","header-above-stick-meta":"","header-main-stick-meta":"","header-below-stick-meta":"","astra-migrate-meta-layouts":"default","ast-page-background-enabled":"default","ast-page-background-meta":{"desktop":{"background-color":"var(--ast-global-color-4)","background-image":"","background-repeat":"repeat","background-position":"center center","background-size":"auto","background-attachment":"scroll","background-type":"","background-media":"","overlay-type":"","overlay-color":"","overlay-opacity":"","overlay-gradient":""},"tablet":{"background-color":"","background-image":"","background-repeat":"repeat","background-position":"center center","background-size":"auto","background-attachment":"scroll","background-type":"","background-media":"","overlay-type":"","overlay-color":"","overlay-opacity":"","overlay-gradient":""},"mobile":{"background-color":"","background-image":"","background-repeat":"repeat","background-position":"center center","background-size":"auto","background-attachment":"scroll","background-type":"","background-media":"","overlay-type":"","overlay-color":"","overlay-opacity":"","overlay-gradient":""}},"ast-content-background-meta":{"desktop":{"background-color":"var(--ast-global-color-5)","background-image":"","background-repeat":"repeat","background-position":"center center","background-size":"auto","background-attachment":"scroll","background-type":"","background-media":"","overlay-type":"","overlay-color":"","overlay-opacity":"","overlay-gradient":""},"tablet":{"background-color":"var(--ast-global-color-5)","background-image":"","background-repeat":"repeat","background-position":"center center","background-size":"auto","background-attachment":"scroll","background-type":"","background-media":"","overlay-type":"","overlay-color":"","overlay-opacity":"","overlay-gradient":""},"mobile":{"background-color":"var(--ast-global-color-5)","background-image":"","background-repeat":"repeat","background-position":"center center","background-size":"auto","background-attachment":"scroll","background-type":"","background-media":"","overlay-type":"","overlay-color":"","overlay-opacity":"","overlay-gradient":""}},"footnotes":""},"class_list":["post-2836","page","type-page","status-publish","has-post-thumbnail","hentry"],"jetpack_sharing_enabled":true,"_links":{"self":[{"href":"https:\/\/basel.m-i.info\/hu\/wp-json\/wp\/v2\/pages\/2836","targetHints":{"allow":["GET"]}}],"collection":[{"href":"https:\/\/basel.m-i.info\/hu\/wp-json\/wp\/v2\/pages"}],"about":[{"href":"https:\/\/basel.m-i.info\/hu\/wp-json\/wp\/v2\/types\/page"}],"author":[{"embeddable":true,"href":"https:\/\/basel.m-i.info\/hu\/wp-json\/wp\/v2\/users\/1"}],"replies":[{"embeddable":true,"href":"https:\/\/basel.m-i.info\/hu\/wp-json\/wp\/v2\/comments?post=2836"}],"version-history":[{"count":1,"href":"https:\/\/basel.m-i.info\/hu\/wp-json\/wp\/v2\/pages\/2836\/revisions"}],"predecessor-version":[{"id":2842,"href":"https:\/\/basel.m-i.info\/hu\/wp-json\/wp\/v2\/pages\/2836\/revisions\/2842"}],"wp:featuredmedia":[{"embeddable":true,"href":"https:\/\/basel.m-i.info\/hu\/wp-json\/wp\/v2\/media\/2838"}],"wp:attachment":[{"href":"https:\/\/basel.m-i.info\/hu\/wp-json\/wp\/v2\/media?parent=2836"}],"curies":[{"name":"wp","href":"https:\/\/api.w.org\/{rel}","templated":true}]}}