{"id":2849,"date":"2022-04-11T18:44:51","date_gmt":"2022-04-11T18:44:51","guid":{"rendered":"https:\/\/basel.m-i.info\/pozadina\/"},"modified":"2025-04-19T11:58:58","modified_gmt":"2025-04-19T11:58:58","slug":"dolazak-2","status":"publish","type":"page","link":"https:\/\/basel.m-i.info\/hr\/dolazak-2\/","title":{"rendered":"pozadina"},"content":{"rendered":"\t\t<div data-elementor-type=\"wp-page\" data-elementor-id=\"2849\" class=\"elementor elementor-2849 elementor-41\">\n\t\t\t\t\t\t<section class=\"elementor-section elementor-top-section elementor-element elementor-element-2105859 elementor-section-boxed elementor-section-height-default elementor-section-height-default\" data-id=\"2105859\" data-element_type=\"section\" data-e-type=\"section\" data-settings=\"{&quot;background_background&quot;:&quot;classic&quot;}\">\n\t\t\t\t\t\t<div class=\"elementor-container elementor-column-gap-default\">\n\t\t\t\t\t<div class=\"elementor-column elementor-col-100 elementor-top-column elementor-element elementor-element-bddfd52\" data-id=\"bddfd52\" data-element_type=\"column\" data-e-type=\"column\">\n\t\t\t<div class=\"elementor-widget-wrap elementor-element-populated\">\n\t\t\t\t\t\t<div class=\"elementor-element elementor-element-23d267a elementor-widget elementor-widget-image\" data-id=\"23d267a\" data-element_type=\"widget\" data-e-type=\"widget\" data-widget_type=\"image.default\">\n\t\t\t\t<div class=\"elementor-widget-container\">\n\t\t\t\t\t\t\t\t\t\t\t\t\t\t\t<img data-recalc-dims=\"1\" decoding=\"async\" src=\"https:\/\/i0.wp.com\/basel.m-i.info\/wp-content\/uploads\/elementor\/thumbs\/header3-pn81tlw0r2pzjnxhh8atrzrlyjyosd75d8srnmhb7q.jpg?ssl=1\" title=\"header3\" alt=\"header3\" loading=\"lazy\" \/>\t\t\t\t\t\t\t\t\t\t\t\t\t\t\t<\/div>\n\t\t\t\t<\/div>\n\t\t\t\t<div class=\"elementor-element elementor-element-6eec04e elementor-widget elementor-widget-heading\" data-id=\"6eec04e\" data-element_type=\"widget\" data-e-type=\"widget\" data-widget_type=\"heading.default\">\n\t\t\t\t<div class=\"elementor-widget-container\">\n\t\t\t\t\t<h1 class=\"elementor-heading-title elementor-size-default\">Za\u0161to fatimska procesija u Baselu?<\/h1>\t\t\t\t<\/div>\n\t\t\t\t<\/div>\n\t\t\t\t<div class=\"elementor-element elementor-element-9746798 elementor-widget elementor-widget-text-editor\" data-id=\"9746798\" data-element_type=\"widget\" data-e-type=\"widget\" data-widget_type=\"text-editor.default\">\n\t\t\t\t<div class=\"elementor-widget-container\">\n\t\t\t\t\t\t\t\t\t<p><span class=\"JsGRdQ\">Ovdje \u0107emo rado pru\u017eiti neke osnovne informacije&#8230;<br><\/span><\/p>\t\t\t\t\t\t\t\t<\/div>\n\t\t\t\t<\/div>\n\t\t\t\t\t<\/div>\n\t\t<\/div>\n\t\t\t\t\t<\/div>\n\t\t<\/section>\n\t\t\t\t<section class=\"elementor-section elementor-top-section elementor-element elementor-element-d22d745 elementor-section-boxed elementor-section-height-default elementor-section-height-default\" data-id=\"d22d745\" data-element_type=\"section\" data-e-type=\"section\">\n\t\t\t\t\t\t<div class=\"elementor-container elementor-column-gap-default\">\n\t\t\t\t\t<div class=\"elementor-column elementor-col-100 elementor-top-column elementor-element elementor-element-e6010e8\" data-id=\"e6010e8\" data-element_type=\"column\" data-e-type=\"column\">\n\t\t\t<div class=\"elementor-widget-wrap elementor-element-populated\">\n\t\t\t\t\t\t<div class=\"elementor-element elementor-element-518b231 elementor-widget elementor-widget-heading\" data-id=\"518b231\" data-element_type=\"widget\" data-e-type=\"widget\" data-widget_type=\"heading.default\">\n\t\t\t\t<div class=\"elementor-widget-container\">\n\t\t\t\t\t<h2 class=\"elementor-heading-title elementor-size-default\">Fatima 1917. godine<\/h2>\t\t\t\t<\/div>\n\t\t\t\t<\/div>\n\t\t\t\t\t<\/div>\n\t\t<\/div>\n\t\t\t\t\t<\/div>\n\t\t<\/section>\n\t\t\t\t<section class=\"elementor-section elementor-top-section elementor-element elementor-element-2b1dbe4 elementor-section-boxed elementor-section-height-default elementor-section-height-default\" data-id=\"2b1dbe4\" data-element_type=\"section\" data-e-type=\"section\">\n\t\t\t\t\t\t<div class=\"elementor-container elementor-column-gap-default\">\n\t\t\t\t\t<div class=\"elementor-column elementor-col-50 elementor-top-column elementor-element elementor-element-22b61dc\" data-id=\"22b61dc\" data-element_type=\"column\" data-e-type=\"column\">\n\t\t\t<div class=\"elementor-widget-wrap elementor-element-populated\">\n\t\t\t\t\t\t<div class=\"elementor-element elementor-element-c2960f6 elementor-widget elementor-widget-text-editor\" data-id=\"c2960f6\" data-element_type=\"widget\" data-e-type=\"widget\" data-widget_type=\"text-editor.default\">\n\t\t\t\t<div class=\"elementor-widget-container\">\n\t\t\t\t\t\t\t\t\t<p><span class=\"JsGRdQ\">U Fatimi (Portugal) pojavljuje se<\/span> <span class=\"JsGRdQ\">13. svibnja 1917. godine<\/span><span class=\"JsGRdQ\">  Bla\u017eena Majka Marija i troje pastir\u010di\u0107a. Kako bi upozorila svijet i Katoli\u010dku Crkvu na nadolaze\u0107e krize i kazne, pokazuje se i sljede\u0107eg 13. u mjesecu do listopada iste godine, na koji <strong>se odr\u017eava velika<\/strong> <\/span><strong><span class=\"JsGRdQ\">\u010cudo sunca pred 70.000 ljudi<\/span><\/strong><span class=\"JsGRdQ\">  odvija se. Kao  <\/span><span class=\"JsGRdQ\">Posljednje sredstvo spasenja<\/span> <span class=\"JsGRdQ\">za na\u0161e vrijeme je<\/span> <span class=\"JsGRdQ\">molitva krunice<\/span> <span class=\"JsGRdQ\">i<\/span> <span class=\"JsGRdQ\">pobo\u017enost njezinu Bezgrje\u0161nom Srcu<\/span><span class=\"JsGRdQ\">. Ukazanja i objave u Fatimi Katoli\u010dka crkva potvrdila je 1930. godine.<\/span><\/p>\t\t\t\t\t\t\t\t<\/div>\n\t\t\t\t<\/div>\n\t\t\t\t<div class=\"elementor-element elementor-element-45d0a43 elementor-widget elementor-widget-button\" data-id=\"45d0a43\" data-element_type=\"widget\" data-e-type=\"widget\" data-widget_type=\"button.default\">\n\t\t\t\t<div class=\"elementor-widget-container\">\n\t\t\t\t\t\t\t\t\t<div class=\"elementor-button-wrapper\">\n\t\t\t\t\t<a class=\"elementor-button elementor-button-link elementor-size-sm\" href=\"https:\/\/m-i.info\/de\/fatima-sonnenwunder-1917\/\" target=\"_blank\">\n\t\t\t\t\t\t<span class=\"elementor-button-content-wrapper\">\n\t\t\t\t\t\t<span class=\"elementor-button-icon\">\n\t\t\t\t<i aria-hidden=\"true\" class=\"far fa-sun\"><\/i>\t\t\t<\/span>\n\t\t\t\t\t\t\t\t\t<span class=\"elementor-button-text\">  Podaci o \u010dudu sunca u Fatimi<\/span>\n\t\t\t\t\t<\/span>\n\t\t\t\t\t<\/a>\n\t\t\t\t<\/div>\n\t\t\t\t\t\t\t\t<\/div>\n\t\t\t\t<\/div>\n\t\t\t\t<div class=\"elementor-element elementor-element-e1e34d9 elementor-widget elementor-widget-button\" data-id=\"e1e34d9\" data-element_type=\"widget\" data-e-type=\"widget\" data-widget_type=\"button.default\">\n\t\t\t\t<div class=\"elementor-widget-container\">\n\t\t\t\t\t\t\t\t\t<div class=\"elementor-button-wrapper\">\n\t\t\t\t\t<a class=\"elementor-button elementor-button-link elementor-size-sm\" href=\"https:\/\/m-i.info\/de\/fatima-die-grossen-geheimnisse-vom-13-juli-1917\/\" target=\"_blank\">\n\t\t\t\t\t\t<span class=\"elementor-button-content-wrapper\">\n\t\t\t\t\t\t<span class=\"elementor-button-icon\">\n\t\t\t\t<i aria-hidden=\"true\" class=\"fas fa-praying-hands\"><\/i>\t\t\t<\/span>\n\t\t\t\t\t\t\t\t\t<span class=\"elementor-button-text\">  Fatima: Velika otajstva od 13. srpnja 1917. godine<\/span>\n\t\t\t\t\t<\/span>\n\t\t\t\t\t<\/a>\n\t\t\t\t<\/div>\n\t\t\t\t\t\t\t\t<\/div>\n\t\t\t\t<\/div>\n\t\t\t\t\t<\/div>\n\t\t<\/div>\n\t\t\t\t<div class=\"elementor-column elementor-col-50 elementor-top-column elementor-element elementor-element-153d1f5\" data-id=\"153d1f5\" data-element_type=\"column\" data-e-type=\"column\">\n\t\t\t<div class=\"elementor-widget-wrap elementor-element-populated\">\n\t\t\t\t\t\t<div class=\"elementor-element elementor-element-3ab7521 elementor-widget elementor-widget-image\" data-id=\"3ab7521\" data-element_type=\"widget\" data-e-type=\"widget\" data-widget_type=\"image.default\">\n\t\t\t\t<div class=\"elementor-widget-container\">\n\t\t\t\t\t\t\t\t\t\t\t\t\t\t\t<img fetchpriority=\"high\" decoding=\"async\" width=\"300\" height=\"211\" src=\"https:\/\/i0.wp.com\/basel.m-i.info\/wp-content\/uploads\/2022\/04\/children_of_fatima.jpg?fit=300%2C211&amp;ssl=1\" class=\"attachment-medium size-medium wp-image-2854\" alt=\"\" srcset=\"https:\/\/i0.wp.com\/basel.m-i.info\/wp-content\/uploads\/2022\/04\/children_of_fatima.jpg?w=2048&amp;ssl=1 2048w, https:\/\/i0.wp.com\/basel.m-i.info\/wp-content\/uploads\/2022\/04\/children_of_fatima.jpg?resize=300%2C211&amp;ssl=1 300w, https:\/\/i0.wp.com\/basel.m-i.info\/wp-content\/uploads\/2022\/04\/children_of_fatima.jpg?resize=1024%2C720&amp;ssl=1 1024w, https:\/\/i0.wp.com\/basel.m-i.info\/wp-content\/uploads\/2022\/04\/children_of_fatima.jpg?resize=768%2C540&amp;ssl=1 768w, https:\/\/i0.wp.com\/basel.m-i.info\/wp-content\/uploads\/2022\/04\/children_of_fatima.jpg?resize=1536%2C1080&amp;ssl=1 1536w\" sizes=\"(max-width: 300px) 100vw, 300px\" \/>\t\t\t\t\t\t\t\t\t\t\t\t\t\t\t<\/div>\n\t\t\t\t<\/div>\n\t\t\t\t\t<\/div>\n\t\t<\/div>\n\t\t\t\t\t<\/div>\n\t\t<\/section>\n\t\t\t\t<section class=\"elementor-section elementor-top-section elementor-element elementor-element-ea261d2 elementor-section-boxed elementor-section-height-default elementor-section-height-default\" data-id=\"ea261d2\" data-element_type=\"section\" data-e-type=\"section\">\n\t\t\t\t\t\t<div class=\"elementor-container elementor-column-gap-default\">\n\t\t\t\t\t<div class=\"elementor-column elementor-col-100 elementor-top-column elementor-element elementor-element-b07b05b\" data-id=\"b07b05b\" data-element_type=\"column\" data-e-type=\"column\">\n\t\t\t<div class=\"elementor-widget-wrap elementor-element-populated\">\n\t\t\t\t\t\t<div class=\"elementor-element elementor-element-e3ebf1e elementor-widget elementor-widget-spacer\" data-id=\"e3ebf1e\" data-element_type=\"widget\" data-e-type=\"widget\" data-widget_type=\"spacer.default\">\n\t\t\t\t<div class=\"elementor-widget-container\">\n\t\t\t\t\t\t\t<div class=\"elementor-spacer\">\n\t\t\t<div class=\"elementor-spacer-inner\"><\/div>\n\t\t<\/div>\n\t\t\t\t\t\t<\/div>\n\t\t\t\t<\/div>\n\t\t\t\t<div class=\"elementor-element elementor-element-117b4e8 elementor-widget elementor-widget-heading\" data-id=\"117b4e8\" data-element_type=\"widget\" data-e-type=\"widget\" data-widget_type=\"heading.default\">\n\t\t\t\t<div class=\"elementor-widget-container\">\n\t\t\t\t\t<h2 class=\"elementor-heading-title elementor-size-default\">Fatimske procesije<\/h2>\t\t\t\t<\/div>\n\t\t\t\t<\/div>\n\t\t\t\t\t<\/div>\n\t\t<\/div>\n\t\t\t\t\t<\/div>\n\t\t<\/section>\n\t\t\t\t<section class=\"elementor-section elementor-top-section elementor-element elementor-element-97aab01 elementor-section-boxed elementor-section-height-default elementor-section-height-default\" data-id=\"97aab01\" data-element_type=\"section\" data-e-type=\"section\">\n\t\t\t\t\t\t<div class=\"elementor-container elementor-column-gap-default\">\n\t\t\t\t\t<div class=\"elementor-column elementor-col-50 elementor-top-column elementor-element elementor-element-0baffc7\" data-id=\"0baffc7\" data-element_type=\"column\" data-e-type=\"column\">\n\t\t\t<div class=\"elementor-widget-wrap elementor-element-populated\">\n\t\t\t\t\t\t<div class=\"elementor-element elementor-element-8fc3566 elementor-widget elementor-widget-text-editor\" data-id=\"8fc3566\" data-element_type=\"widget\" data-e-type=\"widget\" data-widget_type=\"text-editor.default\">\n\t\t\t\t<div class=\"elementor-widget-container\">\n\t\t\t\t\t\t\t\t\t<p><span class=\"JsGRdQ\">Prije otprilike 70 godina, u svibnju 1952.,<\/span> u \u0160vicarskoj je <strong><span class=\"JsGRdQ\">velikom fatimskom procesijom u Baselu s 20.000 sudionika<\/span><\/strong> <span class=\"JsGRdQ\">zapo\u010dela javna pobo\u017enost Gospi Fatimskoj.<\/span><span class=\"JsGRdQ\">, zbog \u010dega se hodo\u010dasti kroz oko 250 \u017eupa. Od 2022. obnovili smo ovo javno bogoslu\u017eje.<br><\/span><\/p>\t\t\t\t\t\t\t\t<\/div>\n\t\t\t\t<\/div>\n\t\t\t\t\t<\/div>\n\t\t<\/div>\n\t\t\t\t<div class=\"elementor-column elementor-col-50 elementor-top-column elementor-element elementor-element-47878c7\" data-id=\"47878c7\" data-element_type=\"column\" data-e-type=\"column\">\n\t\t\t<div class=\"elementor-widget-wrap elementor-element-populated\">\n\t\t\t\t\t\t<div class=\"elementor-element elementor-element-2f3c0f6 elementor-widget elementor-widget-image\" data-id=\"2f3c0f6\" data-element_type=\"widget\" data-e-type=\"widget\" data-widget_type=\"image.default\">\n\t\t\t\t<div class=\"elementor-widget-container\">\n\t\t\t\t\t\t\t\t\t\t\t\t\t\t\t<img decoding=\"async\" width=\"300\" height=\"200\" src=\"https:\/\/i0.wp.com\/basel.m-i.info\/wp-content\/uploads\/2022\/04\/Fatima-procession-1951-CROPPED.jpg?fit=300%2C200&amp;ssl=1\" class=\"attachment-medium size-medium wp-image-2855\" alt=\"\" srcset=\"https:\/\/i0.wp.com\/basel.m-i.info\/wp-content\/uploads\/2022\/04\/Fatima-procession-1951-CROPPED.jpg?w=400&amp;ssl=1 400w, https:\/\/i0.wp.com\/basel.m-i.info\/wp-content\/uploads\/2022\/04\/Fatima-procession-1951-CROPPED.jpg?resize=300%2C200&amp;ssl=1 300w\" sizes=\"(max-width: 300px) 100vw, 300px\" \/>\t\t\t\t\t\t\t\t\t\t\t\t\t\t\t<\/div>\n\t\t\t\t<\/div>\n\t\t\t\t\t<\/div>\n\t\t<\/div>\n\t\t\t\t\t<\/div>\n\t\t<\/section>\n\t\t\t\t<section class=\"elementor-section elementor-top-section elementor-element elementor-element-99937fc elementor-section-boxed elementor-section-height-default elementor-section-height-default\" data-id=\"99937fc\" data-element_type=\"section\" data-e-type=\"section\">\n\t\t\t\t\t\t<div class=\"elementor-container elementor-column-gap-default\">\n\t\t\t\t\t<div class=\"elementor-column elementor-col-100 elementor-top-column elementor-element elementor-element-db83a76\" data-id=\"db83a76\" data-element_type=\"column\" data-e-type=\"column\">\n\t\t\t<div class=\"elementor-widget-wrap elementor-element-populated\">\n\t\t\t\t\t\t<div class=\"elementor-element elementor-element-157e1ec elementor-widget elementor-widget-heading\" data-id=\"157e1ec\" data-element_type=\"widget\" data-e-type=\"widget\" data-widget_type=\"heading.default\">\n\t\t\t\t<div class=\"elementor-widget-container\">\n\t\t\t\t\t<h2 class=\"elementor-heading-title elementor-size-default\">Danas aktualniji nego ikada<\/h2>\t\t\t\t<\/div>\n\t\t\t\t<\/div>\n\t\t\t\t\t<\/div>\n\t\t<\/div>\n\t\t\t\t\t<\/div>\n\t\t<\/section>\n\t\t\t\t<section class=\"elementor-section elementor-top-section elementor-element elementor-element-cb02839 elementor-section-boxed elementor-section-height-default elementor-section-height-default\" data-id=\"cb02839\" data-element_type=\"section\" data-e-type=\"section\">\n\t\t\t\t\t\t<div class=\"elementor-container elementor-column-gap-default\">\n\t\t\t\t\t<div class=\"elementor-column elementor-col-50 elementor-top-column elementor-element elementor-element-dc54815\" data-id=\"dc54815\" data-element_type=\"column\" data-e-type=\"column\">\n\t\t\t<div class=\"elementor-widget-wrap elementor-element-populated\">\n\t\t\t\t\t\t<div class=\"elementor-element elementor-element-06f5576 elementor-widget elementor-widget-text-editor\" data-id=\"06f5576\" data-element_type=\"widget\" data-e-type=\"widget\" data-widget_type=\"text-editor.default\">\n\t\t\t\t<div class=\"elementor-widget-container\">\n\t\t\t\t\t\t\t\t\t<p><span class=\"JsGRdQ\"><span class=\"S1PPyQ\">Preporu\u010dimo sebe, svoje obitelji, svoju zemlju i cijeli svijet Bezgrje\u0161nom Srcu, da bude mir i da svi po Mariji do\u0111u Isusu Kristu.<\/span><\/span><\/p><p>Na svom ukazanju u Fatimi Gospa je za\u017eeljela svakodnevno moljenje krunice i \u0161tovanje njezina Bezgre\u0161nog Srca. Isto tako, Gospa je tra\u017eila da Papa, zajedno sa svim biskupima, posveti Rusiju njezinom Bezgrje\u0161nom Srcu i ustanovi Pomirbenu pri\u010dest prve subote; Rekla je: &#8220;Ako moji zahtjevi budu ispunjeni, Rusija \u0107e se obratiti i bit \u0107e mir.&#8221; Poruka je stoga vrlo aktualna, posebice s obzirom na rat u Ukrajini. Papa Franjo tako\u0111er je 25. o\u017eujka 2022. posvetio Rusiju i Ukrajinu Bezgre\u0161nom Srcu Marijinu.<\/p><p>Za dodatne informacije pogledajte <a href=\"https:\/\/suehnesamstag.info\" target=\"_blank\" rel=\"noopener\">https:\/\/suehnesamstag.info<\/a><\/p>\t\t\t\t\t\t\t\t<\/div>\n\t\t\t\t<\/div>\n\t\t\t\t\t<\/div>\n\t\t<\/div>\n\t\t\t\t<div class=\"elementor-column elementor-col-50 elementor-top-column elementor-element elementor-element-902be51\" data-id=\"902be51\" data-element_type=\"column\" data-e-type=\"column\">\n\t\t\t<div class=\"elementor-widget-wrap elementor-element-populated\">\n\t\t\t\t\t\t<div class=\"elementor-element elementor-element-d0ec3ce elementor-widget elementor-widget-heading\" data-id=\"d0ec3ce\" data-element_type=\"widget\" data-e-type=\"widget\" data-widget_type=\"heading.default\">\n\t\t\t\t<div class=\"elementor-widget-container\">\n\t\t\t\t\t<h4 class=\"elementor-heading-title elementor-size-default\">\"Da bi spasio jadne grje\u0161nike, Bog \u017eeli u svijetu uspostaviti pobo\u017enost prema mom Bezgrje\u0161nom Srcu.\"<br> Majka Bo\u017eja u Fatimi,\n dne 13. srpnja 1917. god\n<\/h4>\t\t\t\t<\/div>\n\t\t\t\t<\/div>\n\t\t\t\t\t<\/div>\n\t\t<\/div>\n\t\t\t\t\t<\/div>\n\t\t<\/section>\n\t\t\t\t<section class=\"elementor-section elementor-top-section elementor-element elementor-element-6b8cfa1 elementor-section-boxed elementor-section-height-default elementor-section-height-default\" data-id=\"6b8cfa1\" data-element_type=\"section\" data-e-type=\"section\">\n\t\t\t\t\t\t<div class=\"elementor-container elementor-column-gap-default\">\n\t\t\t\t\t<div class=\"elementor-column elementor-col-100 elementor-top-column elementor-element elementor-element-0deb252\" data-id=\"0deb252\" data-element_type=\"column\" data-e-type=\"column\">\n\t\t\t<div class=\"elementor-widget-wrap elementor-element-populated\">\n\t\t\t\t\t\t<div class=\"elementor-element elementor-element-8419fb1 elementor-widget elementor-widget-spacer\" data-id=\"8419fb1\" data-element_type=\"widget\" data-e-type=\"widget\" data-widget_type=\"spacer.default\">\n\t\t\t\t<div class=\"elementor-widget-container\">\n\t\t\t\t\t\t\t<div class=\"elementor-spacer\">\n\t\t\t<div class=\"elementor-spacer-inner\"><\/div>\n\t\t<\/div>\n\t\t\t\t\t\t<\/div>\n\t\t\t\t<\/div>\n\t\t\t\t<div class=\"elementor-element elementor-element-c9374c4 elementor-widget elementor-widget-spacer\" data-id=\"c9374c4\" data-element_type=\"widget\" data-e-type=\"widget\" data-widget_type=\"spacer.default\">\n\t\t\t\t<div class=\"elementor-widget-container\">\n\t\t\t\t\t\t\t<div class=\"elementor-spacer\">\n\t\t\t<div class=\"elementor-spacer-inner\"><\/div>\n\t\t<\/div>\n\t\t\t\t\t\t<\/div>\n\t\t\t\t<\/div>\n\t\t\t\t\t<\/div>\n\t\t<\/div>\n\t\t\t\t\t<\/div>\n\t\t<\/section>\n\t\t\t\t<\/div>\n\t\t","protected":false},"excerpt":{"rendered":"<p>Za\u0161to fatimska procesija u Baselu? Ovdje \u0107emo rado pru\u017eiti neke osnovne informacije&#8230; Fatima 1917. godine U Fatimi (Portugal) pojavljuje se 13. svibnja 1917. godine Bla\u017eena Majka Marija i troje pastir\u010di\u0107a. Kako bi upozorila svijet i Katoli\u010dku Crkvu na nadolaze\u0107e krize i kazne, pokazuje se i sljede\u0107eg 13. u mjesecu do listopada iste godine, na koji [&hellip;]<\/p>\n","protected":false},"author":1,"featured_media":0,"parent":0,"menu_order":0,"comment_status":"closed","ping_status":"closed","template":"","meta":{"site-sidebar-layout":"no-sidebar","site-content-layout":"page-builder","ast-site-content-layout":"","site-content-style":"default","site-sidebar-style":"default","ast-global-header-display":"","ast-banner-title-visibility":"","ast-main-header-display":"","ast-hfb-above-header-display":"","ast-hfb-below-header-display":"","ast-hfb-mobile-header-display":"","site-post-title":"disabled","ast-breadcrumbs-content":"","ast-featured-img":"disabled","footer-sml-layout":"","theme-transparent-header-meta":"","adv-header-id-meta":"","stick-header-meta":"","header-above-stick-meta":"","header-main-stick-meta":"","header-below-stick-meta":"","astra-migrate-meta-layouts":"default","ast-page-background-enabled":"default","ast-page-background-meta":{"desktop":{"background-color":"var(--ast-global-color-4)","background-image":"","background-repeat":"repeat","background-position":"center center","background-size":"auto","background-attachment":"scroll","background-type":"","background-media":"","overlay-type":"","overlay-color":"","overlay-opacity":"","overlay-gradient":""},"tablet":{"background-color":"","background-image":"","background-repeat":"repeat","background-position":"center center","background-size":"auto","background-attachment":"scroll","background-type":"","background-media":"","overlay-type":"","overlay-color":"","overlay-opacity":"","overlay-gradient":""},"mobile":{"background-color":"","background-image":"","background-repeat":"repeat","background-position":"center center","background-size":"auto","background-attachment":"scroll","background-type":"","background-media":"","overlay-type":"","overlay-color":"","overlay-opacity":"","overlay-gradient":""}},"ast-content-background-meta":{"desktop":{"background-color":"var(--ast-global-color-5)","background-image":"","background-repeat":"repeat","background-position":"center center","background-size":"auto","background-attachment":"scroll","background-type":"","background-media":"","overlay-type":"","overlay-color":"","overlay-opacity":"","overlay-gradient":""},"tablet":{"background-color":"var(--ast-global-color-5)","background-image":"","background-repeat":"repeat","background-position":"center center","background-size":"auto","background-attachment":"scroll","background-type":"","background-media":"","overlay-type":"","overlay-color":"","overlay-opacity":"","overlay-gradient":""},"mobile":{"background-color":"var(--ast-global-color-5)","background-image":"","background-repeat":"repeat","background-position":"center center","background-size":"auto","background-attachment":"scroll","background-type":"","background-media":"","overlay-type":"","overlay-color":"","overlay-opacity":"","overlay-gradient":""}},"footnotes":""},"class_list":["post-2849","page","type-page","status-publish","hentry"],"jetpack_sharing_enabled":true,"_links":{"self":[{"href":"https:\/\/basel.m-i.info\/hr\/wp-json\/wp\/v2\/pages\/2849","targetHints":{"allow":["GET"]}}],"collection":[{"href":"https:\/\/basel.m-i.info\/hr\/wp-json\/wp\/v2\/pages"}],"about":[{"href":"https:\/\/basel.m-i.info\/hr\/wp-json\/wp\/v2\/types\/page"}],"author":[{"embeddable":true,"href":"https:\/\/basel.m-i.info\/hr\/wp-json\/wp\/v2\/users\/1"}],"replies":[{"embeddable":true,"href":"https:\/\/basel.m-i.info\/hr\/wp-json\/wp\/v2\/comments?post=2849"}],"version-history":[{"count":4,"href":"https:\/\/basel.m-i.info\/hr\/wp-json\/wp\/v2\/pages\/2849\/revisions"}],"predecessor-version":[{"id":3060,"href":"https:\/\/basel.m-i.info\/hr\/wp-json\/wp\/v2\/pages\/2849\/revisions\/3060"}],"wp:attachment":[{"href":"https:\/\/basel.m-i.info\/hr\/wp-json\/wp\/v2\/media?parent=2849"}],"curies":[{"name":"wp","href":"https:\/\/api.w.org\/{rel}","templated":true}]}}