{"id":2801,"date":"2022-04-19T14:11:04","date_gmt":"2022-04-19T14:11:04","guid":{"rendered":"https:\/\/basel.m-i.info\/podrska\/"},"modified":"2026-03-26T20:39:53","modified_gmt":"2026-03-26T20:39:53","slug":"podrska","status":"publish","type":"page","link":"https:\/\/basel.m-i.info\/hr\/podrska\/","title":{"rendered":"podr\u0161ka"},"content":{"rendered":"\t\t<div data-elementor-type=\"wp-page\" data-elementor-id=\"2801\" class=\"elementor elementor-2801 elementor-330\">\n\t\t\t\t\t\t<section class=\"elementor-section elementor-top-section elementor-element elementor-element-2105859 elementor-section-boxed elementor-section-height-default elementor-section-height-default\" data-id=\"2105859\" data-element_type=\"section\" data-e-type=\"section\" data-settings=\"{&quot;background_background&quot;:&quot;classic&quot;}\">\n\t\t\t\t\t\t<div class=\"elementor-container elementor-column-gap-default\">\n\t\t\t\t\t<div class=\"elementor-column elementor-col-100 elementor-top-column elementor-element elementor-element-bddfd52\" data-id=\"bddfd52\" data-element_type=\"column\" data-e-type=\"column\">\n\t\t\t<div class=\"elementor-widget-wrap elementor-element-populated\">\n\t\t\t\t\t\t<div class=\"elementor-element elementor-element-23d267a elementor-widget elementor-widget-image\" data-id=\"23d267a\" data-element_type=\"widget\" data-e-type=\"widget\" data-widget_type=\"image.default\">\n\t\t\t\t<div class=\"elementor-widget-container\">\n\t\t\t\t\t\t\t\t\t\t\t\t\t\t\t<img data-recalc-dims=\"1\" decoding=\"async\" src=\"https:\/\/i0.wp.com\/basel.m-i.info\/wp-content\/uploads\/elementor\/thumbs\/header3-pn81tlw0r2pzjnxhh8atrzrlyjyosd75d8srnmhb7q.jpg?ssl=1\" title=\"header3\" alt=\"header3\" loading=\"lazy\" \/>\t\t\t\t\t\t\t\t\t\t\t\t\t\t\t<\/div>\n\t\t\t\t<\/div>\n\t\t\t\t<div class=\"elementor-element elementor-element-6eec04e elementor-widget elementor-widget-heading\" data-id=\"6eec04e\" data-element_type=\"widget\" data-e-type=\"widget\" data-widget_type=\"heading.default\">\n\t\t\t\t<div class=\"elementor-widget-container\">\n\t\t\t\t\t<h1 class=\"elementor-heading-title elementor-size-default\">podr\u0161ka<\/h1>\t\t\t\t<\/div>\n\t\t\t\t<\/div>\n\t\t\t\t<div class=\"elementor-element elementor-element-9746798 elementor-widget elementor-widget-text-editor\" data-id=\"9746798\" data-element_type=\"widget\" data-e-type=\"widget\" data-widget_type=\"text-editor.default\">\n\t\t\t\t<div class=\"elementor-widget-container\">\n\t\t\t\t\t\t\t\t\t<p>\u017delite li podr\u017eati Fatimsku procesiju? Rado! Trebamo molitvu, reklamu i ne\u0161to novca. Podr\u017eite nas u tome.<\/p>\t\t\t\t\t\t\t\t<\/div>\n\t\t\t\t<\/div>\n\t\t\t\t\t<\/div>\n\t\t<\/div>\n\t\t\t\t\t<\/div>\n\t\t<\/section>\n\t\t\t\t<section class=\"elementor-section elementor-top-section elementor-element elementor-element-d22d745 elementor-section-boxed elementor-section-height-default elementor-section-height-default\" data-id=\"d22d745\" data-element_type=\"section\" data-e-type=\"section\">\n\t\t\t\t\t\t<div class=\"elementor-container elementor-column-gap-default\">\n\t\t\t\t\t<div class=\"elementor-column elementor-col-100 elementor-top-column elementor-element elementor-element-e6010e8\" data-id=\"e6010e8\" data-element_type=\"column\" data-e-type=\"column\">\n\t\t\t<div class=\"elementor-widget-wrap elementor-element-populated\">\n\t\t\t\t\t\t<div class=\"elementor-element elementor-element-518b231 elementor-widget elementor-widget-heading\" data-id=\"518b231\" data-element_type=\"widget\" data-e-type=\"widget\" data-widget_type=\"heading.default\">\n\t\t\t\t<div class=\"elementor-widget-container\">\n\t\t\t\t\t<h2 class=\"elementor-heading-title elementor-size-default\">molitva<\/h2>\t\t\t\t<\/div>\n\t\t\t\t<\/div>\n\t\t\t\t\t<\/div>\n\t\t<\/div>\n\t\t\t\t\t<\/div>\n\t\t<\/section>\n\t\t\t\t<section class=\"elementor-section elementor-top-section elementor-element elementor-element-2b1dbe4 elementor-section-boxed elementor-section-height-default elementor-section-height-default\" data-id=\"2b1dbe4\" data-element_type=\"section\" data-e-type=\"section\">\n\t\t\t\t\t\t<div class=\"elementor-container elementor-column-gap-default\">\n\t\t\t\t\t<div class=\"elementor-column elementor-col-50 elementor-top-column elementor-element elementor-element-22b61dc\" data-id=\"22b61dc\" data-element_type=\"column\" data-e-type=\"column\">\n\t\t\t<div class=\"elementor-widget-wrap elementor-element-populated\">\n\t\t\t\t\t\t<div class=\"elementor-element elementor-element-4126672 elementor-widget elementor-widget-text-editor\" data-id=\"4126672\" data-element_type=\"widget\" data-e-type=\"widget\" data-widget_type=\"text-editor.default\">\n\t\t\t\t<div class=\"elementor-widget-container\">\n\t\t\t\t\t\t\t\t\t<p>Molite za procesiju punu milosti kako bi \u0161to vi\u0161e ljudi bilo privedeno Bezgre\u0161nom Srcu Marijinu i po njoj Isusu Kristu.<\/p><p> <\/p>\t\t\t\t\t\t\t\t<\/div>\n\t\t\t\t<\/div>\n\t\t\t\t\t<\/div>\n\t\t<\/div>\n\t\t\t\t<div class=\"elementor-column elementor-col-50 elementor-top-column elementor-element elementor-element-153d1f5\" data-id=\"153d1f5\" data-element_type=\"column\" data-e-type=\"column\">\n\t\t\t<div class=\"elementor-widget-wrap elementor-element-populated\">\n\t\t\t\t\t\t<div class=\"elementor-element elementor-element-3ab7521 elementor-widget elementor-widget-image\" data-id=\"3ab7521\" data-element_type=\"widget\" data-e-type=\"widget\" data-widget_type=\"image.default\">\n\t\t\t\t<div class=\"elementor-widget-container\">\n\t\t\t\t\t\t\t\t\t\t\t\t\t\t\t<img fetchpriority=\"high\" decoding=\"async\" width=\"279\" height=\"300\" src=\"https:\/\/i0.wp.com\/basel.m-i.info\/wp-content\/uploads\/2022\/04\/pray2.jpg?fit=279%2C300&amp;ssl=1\" class=\"attachment-medium size-medium wp-image-2806\" alt=\"\" srcset=\"https:\/\/i0.wp.com\/basel.m-i.info\/wp-content\/uploads\/2022\/04\/pray2.jpg?w=704&amp;ssl=1 704w, https:\/\/i0.wp.com\/basel.m-i.info\/wp-content\/uploads\/2022\/04\/pray2.jpg?resize=279%2C300&amp;ssl=1 279w\" sizes=\"(max-width: 279px) 100vw, 279px\" \/>\t\t\t\t\t\t\t\t\t\t\t\t\t\t\t<\/div>\n\t\t\t\t<\/div>\n\t\t\t\t\t<\/div>\n\t\t<\/div>\n\t\t\t\t\t<\/div>\n\t\t<\/section>\n\t\t\t\t<section class=\"elementor-section elementor-top-section elementor-element elementor-element-f7e3bae elementor-hidden-desktop elementor-hidden-tablet elementor-hidden-mobile elementor-section-boxed elementor-section-height-default elementor-section-height-default\" data-id=\"f7e3bae\" data-element_type=\"section\" data-e-type=\"section\">\n\t\t\t\t\t\t<div class=\"elementor-container elementor-column-gap-default\">\n\t\t\t\t\t<div class=\"elementor-column elementor-col-100 elementor-top-column elementor-element elementor-element-5594c5d\" data-id=\"5594c5d\" data-element_type=\"column\" data-e-type=\"column\">\n\t\t\t<div class=\"elementor-widget-wrap elementor-element-populated\">\n\t\t\t\t\t\t<div class=\"elementor-element elementor-element-1286c46 elementor-widget elementor-widget-heading\" data-id=\"1286c46\" data-element_type=\"widget\" data-e-type=\"widget\" data-widget_type=\"heading.default\">\n\t\t\t\t<div class=\"elementor-widget-container\">\n\t\t\t\t\t<h2 class=\"elementor-heading-title elementor-size-default\">Ogla\u0161avanje<\/h2>\t\t\t\t<\/div>\n\t\t\t\t<\/div>\n\t\t\t\t\t<\/div>\n\t\t<\/div>\n\t\t\t\t\t<\/div>\n\t\t<\/section>\n\t\t\t\t<section class=\"elementor-section elementor-top-section elementor-element elementor-element-c4c93ad elementor-section-boxed elementor-section-height-default elementor-section-height-default\" data-id=\"c4c93ad\" data-element_type=\"section\" data-e-type=\"section\">\n\t\t\t\t\t\t<div class=\"elementor-container elementor-column-gap-default\">\n\t\t\t\t\t<div class=\"elementor-column elementor-col-50 elementor-top-column elementor-element elementor-element-e0637f1\" data-id=\"e0637f1\" data-element_type=\"column\" data-e-type=\"column\">\n\t\t\t<div class=\"elementor-widget-wrap elementor-element-populated\">\n\t\t\t\t\t\t<div class=\"elementor-element elementor-element-88a369d elementor-widget elementor-widget-heading\" data-id=\"88a369d\" data-element_type=\"widget\" data-e-type=\"widget\" data-widget_type=\"heading.default\">\n\t\t\t\t<div class=\"elementor-widget-container\">\n\t\t\t\t\t<h2 class=\"elementor-heading-title elementor-size-default\">Ogla\u0161avanje<\/h2>\t\t\t\t<\/div>\n\t\t\t\t<\/div>\n\t\t\t\t<div class=\"elementor-element elementor-element-721e003 elementor-widget elementor-widget-text-editor\" data-id=\"721e003\" data-element_type=\"widget\" data-e-type=\"widget\" data-widget_type=\"text-editor.default\">\n\t\t\t\t<div class=\"elementor-widget-container\">\n\t\t\t\t\t\t\t\t\t<p>Poslati<\/p><ul><li>letak (na njema\u010dkom) ili<\/li><li>plakat na va\u0161em jeziku<\/li><li>ili video s pozivnicom<\/li><li>ili link ove web stranice<\/li><\/ul><p>svojim prijateljima i poznanicima kako biste i vi mogli sudjelovati u doga\u0111aju.  <\/p><p>Relevantne poveznice prona\u0107i \u0107ete na po\u010detnoj stranici.<\/p><p>Ukoliko \u017eelite naru\u010diti tiskane A5 letke na njema\u010dkom jeziku, <a href=\"https:\/\/basel.m-i.info\/hr\/kontakt\/\">kontaktirajte<\/a> nas.<\/p>\t\t\t\t\t\t\t\t<\/div>\n\t\t\t\t<\/div>\n\t\t\t\t<div class=\"elementor-element elementor-element-abfa13e elementor-widget elementor-widget-spacer\" data-id=\"abfa13e\" data-element_type=\"widget\" data-e-type=\"widget\" data-widget_type=\"spacer.default\">\n\t\t\t\t<div class=\"elementor-widget-container\">\n\t\t\t\t\t\t\t<div class=\"elementor-spacer\">\n\t\t\t<div class=\"elementor-spacer-inner\"><\/div>\n\t\t<\/div>\n\t\t\t\t\t\t<\/div>\n\t\t\t\t<\/div>\n\t\t\t\t\t<\/div>\n\t\t<\/div>\n\t\t\t\t<div class=\"elementor-column elementor-col-50 elementor-top-column elementor-element elementor-element-a624717\" data-id=\"a624717\" data-element_type=\"column\" data-e-type=\"column\">\n\t\t\t<div class=\"elementor-widget-wrap elementor-element-populated\">\n\t\t\t\t\t\t<div class=\"elementor-element elementor-element-51b1f48 elementor-widget elementor-widget-image\" data-id=\"51b1f48\" data-element_type=\"widget\" data-e-type=\"widget\" data-widget_type=\"image.default\">\n\t\t\t\t<div class=\"elementor-widget-container\">\n\t\t\t\t\t\t\t\t\t\t\t\t\t\t\t\t<a href=\"https:\/\/basel.m-i.info\/wp-content\/uploads\/2023\/04\/Fatima-Prozession-Basel-Plakat-Flyer-A5-web.pdf\">\n\t\t\t\t\t\t\t<img decoding=\"async\" width=\"300\" height=\"300\" src=\"https:\/\/i0.wp.com\/basel.m-i.info\/wp-content\/uploads\/2026\/03\/flyer_vorschau_2026.jpg?fit=300%2C300&amp;ssl=1\" class=\"attachment-medium size-medium wp-image-4452\" alt=\"\" srcset=\"https:\/\/i0.wp.com\/basel.m-i.info\/wp-content\/uploads\/2026\/03\/flyer_vorschau_2026.jpg?w=600&amp;ssl=1 600w, https:\/\/i0.wp.com\/basel.m-i.info\/wp-content\/uploads\/2026\/03\/flyer_vorschau_2026.jpg?resize=300%2C300&amp;ssl=1 300w, https:\/\/i0.wp.com\/basel.m-i.info\/wp-content\/uploads\/2026\/03\/flyer_vorschau_2026.jpg?resize=150%2C150&amp;ssl=1 150w\" sizes=\"(max-width: 300px) 100vw, 300px\" \/>\t\t\t\t\t\t\t\t<\/a>\n\t\t\t\t\t\t\t\t\t\t\t\t\t\t\t<\/div>\n\t\t\t\t<\/div>\n\t\t\t\t\t<\/div>\n\t\t<\/div>\n\t\t\t\t\t<\/div>\n\t\t<\/section>\n\t\t\t\t<section class=\"elementor-section elementor-top-section elementor-element elementor-element-ea261d2 elementor-section-boxed elementor-section-height-default elementor-section-height-default\" data-id=\"ea261d2\" data-element_type=\"section\" data-e-type=\"section\">\n\t\t\t\t\t\t<div class=\"elementor-container elementor-column-gap-default\">\n\t\t\t\t\t<div class=\"elementor-column elementor-col-100 elementor-top-column elementor-element elementor-element-b07b05b\" data-id=\"b07b05b\" data-element_type=\"column\" data-e-type=\"column\">\n\t\t\t<div class=\"elementor-widget-wrap elementor-element-populated\">\n\t\t\t\t\t\t<div class=\"elementor-element elementor-element-117b4e8 elementor-widget elementor-widget-heading\" data-id=\"117b4e8\" data-element_type=\"widget\" data-e-type=\"widget\" data-widget_type=\"heading.default\">\n\t\t\t\t<div class=\"elementor-widget-container\">\n\t\t\t\t\t<h2 class=\"elementor-heading-title elementor-size-default\">Donirajte<\/h2>\t\t\t\t<\/div>\n\t\t\t\t<\/div>\n\t\t\t\t\t<\/div>\n\t\t<\/div>\n\t\t\t\t\t<\/div>\n\t\t<\/section>\n\t\t\t\t<section class=\"elementor-section elementor-top-section elementor-element elementor-element-97aab01 elementor-section-boxed elementor-section-height-default elementor-section-height-default\" data-id=\"97aab01\" data-element_type=\"section\" data-e-type=\"section\">\n\t\t\t\t\t\t<div class=\"elementor-container elementor-column-gap-default\">\n\t\t\t\t\t<div class=\"elementor-column elementor-col-50 elementor-top-column elementor-element elementor-element-0baffc7\" data-id=\"0baffc7\" data-element_type=\"column\" data-e-type=\"column\">\n\t\t\t<div class=\"elementor-widget-wrap elementor-element-populated\">\n\t\t\t\t\t\t<div class=\"elementor-element elementor-element-8fc3566 elementor-widget elementor-widget-text-editor\" data-id=\"8fc3566\" data-element_type=\"widget\" data-e-type=\"widget\" data-widget_type=\"text-editor.default\">\n\t\t\t\t<div class=\"elementor-widget-container\">\n\t\t\t\t\t\t\t\t\t<p><span class=\"JsGRdQ\">Bili bismo zahvalni na donaciji za pokrivanje tro\u0161kova (cvjetni ukrasi, svije\u0107e, spajalice za pjesme, ogla\u0161avanje, tehnika itd.).  <br><\/span><\/p>\n<p>Bankovni podaci &#8211; molimo izvr\u0161ite prijenos kod nas<br> Napomena \u201cFatimska procesija Basel\u201d<\/p>\n<p>Militia Immaculatae, CH-9500 Wil SG<br> <strong>IBAN za CHF:<\/strong> CH40 0078 4294 7153 7200 1<br> <strong>IBAN za EUR:<\/strong> CH13 0078 4294 7153 7200 2<br> BIC: KBTGCH22, Thurgauer Kantonalbank<\/p>\t\t\t\t\t\t\t\t<\/div>\n\t\t\t\t<\/div>\n\t\t\t\t<div class=\"elementor-element elementor-element-30edf91 elementor-hidden-desktop elementor-hidden-tablet elementor-widget elementor-widget-html\" data-id=\"30edf91\" data-element_type=\"widget\" data-e-type=\"widget\" data-widget_type=\"html.default\">\n\t\t\t\t<div class=\"elementor-widget-container\">\n\t\t\t\t\t<div id=\"rnw-paylink-button\"><\/div>\n<script type=\"module\">\nimport {PaylinkButton} from \"https:\/\/pay.raisenow.io\/button.js\"\nPaylinkButton.render('#rnw-paylink-button', {'solution-id': \"ckkhv\", 'solution-type': \"pay\", language: \"de\", size: \"large\", width: \"fixed\", 'color-scheme': \"light\"})\n<\/script>\t\t\t\t<\/div>\n\t\t\t\t<\/div>\n\t\t\t\t<div class=\"elementor-element elementor-element-ca52056 elementor-widget elementor-widget-heading\" data-id=\"ca52056\" data-element_type=\"widget\" data-e-type=\"widget\" data-widget_type=\"heading.default\">\n\t\t\t\t<div class=\"elementor-widget-container\">\n\t\t\t\t\t<h2 class=\"elementor-heading-title elementor-size-default\">Obrazac za donacije<\/h2>\t\t\t\t<\/div>\n\t\t\t\t<\/div>\n\t\t\t\t<div class=\"elementor-element elementor-element-8a76aca elementor-widget elementor-widget-text-editor\" data-id=\"8a76aca\" data-element_type=\"widget\" data-e-type=\"widget\" data-widget_type=\"text-editor.default\">\n\t\t\t\t<div class=\"elementor-widget-container\">\n\t\t\t\t\t\t\t\t\t<p>Ovdje mo\u017eete jednostavno donirati koriste\u0107i kreditnu karticu, Paypal, itd.:  <br><\/p>\t\t\t\t\t\t\t\t<\/div>\n\t\t\t\t<\/div>\n\t\t\t\t<div class=\"elementor-element elementor-element-6cc40f5 elementor-widget elementor-widget-html\" data-id=\"6cc40f5\" data-element_type=\"widget\" data-e-type=\"widget\" data-widget_type=\"html.default\">\n\t\t\t\t<div class=\"elementor-widget-container\">\n\t\t\t\t\t<iframe src=\"https:\/\/militia-immaculatae.payment.fsspx.ch\/de\/pay?cid=500abc80&amp;hide_description=1&amp;appview=1\" allow=\"payment *\" width=\"100%\" height=\"800\" style=\"border:0;\" id=\"payment-embed\"><\/iframe>\t\t\t\t<\/div>\n\t\t\t\t<\/div>\n\t\t\t\t\t<\/div>\n\t\t<\/div>\n\t\t\t\t<div class=\"elementor-column elementor-col-50 elementor-top-column elementor-element elementor-element-47878c7\" data-id=\"47878c7\" data-element_type=\"column\" data-e-type=\"column\">\n\t\t\t<div class=\"elementor-widget-wrap elementor-element-populated\">\n\t\t\t\t\t\t<div class=\"elementor-element elementor-element-2f3c0f6 elementor-widget elementor-widget-image\" data-id=\"2f3c0f6\" data-element_type=\"widget\" data-e-type=\"widget\" data-widget_type=\"image.default\">\n\t\t\t\t<div class=\"elementor-widget-container\">\n\t\t\t\t\t\t\t\t\t\t\t\t\t\t\t<img decoding=\"async\" width=\"695\" height=\"591\" src=\"https:\/\/i0.wp.com\/basel.m-i.info\/wp-content\/uploads\/2022\/04\/donation.jpg?fit=695%2C591&amp;ssl=1\" class=\"attachment-full size-full wp-image-2805\" alt=\"\" srcset=\"https:\/\/i0.wp.com\/basel.m-i.info\/wp-content\/uploads\/2022\/04\/donation.jpg?w=695&amp;ssl=1 695w, https:\/\/i0.wp.com\/basel.m-i.info\/wp-content\/uploads\/2022\/04\/donation.jpg?resize=300%2C255&amp;ssl=1 300w\" sizes=\"(max-width: 695px) 100vw, 695px\" \/>\t\t\t\t\t\t\t\t\t\t\t\t\t\t\t<\/div>\n\t\t\t\t<\/div>\n\t\t\t\t<div class=\"elementor-element elementor-element-92100f4 elementor-hidden-mobile elementor-widget elementor-widget-image\" data-id=\"92100f4\" data-element_type=\"widget\" data-e-type=\"widget\" data-widget_type=\"image.default\">\n\t\t\t\t<div class=\"elementor-widget-container\">\n\t\t\t\t\t\t\t\t\t\t\t\t\t\t\t<img loading=\"lazy\" decoding=\"async\" width=\"386\" height=\"386\" src=\"https:\/\/i0.wp.com\/basel.m-i.info\/wp-content\/uploads\/2023\/03\/twint_spenden.gif?fit=386%2C386&amp;ssl=1\" class=\"attachment-large size-large wp-image-2808\" alt=\"\" \/>\t\t\t\t\t\t\t\t\t\t\t\t\t\t\t<\/div>\n\t\t\t\t<\/div>\n\t\t\t\t<div class=\"elementor-element elementor-element-751e613 elementor-widget elementor-widget-text-editor\" data-id=\"751e613\" data-element_type=\"widget\" data-e-type=\"widget\" data-widget_type=\"text-editor.default\">\n\t\t\t\t<div class=\"elementor-widget-container\">\n\t\t\t\t\t\t\t\t\t<p>Otvorite TWINT aplikaciju, skenirajte QR kod, odaberite iznos, donirajte<\/p>\t\t\t\t\t\t\t\t<\/div>\n\t\t\t\t<\/div>\n\t\t\t\t\t<\/div>\n\t\t<\/div>\n\t\t\t\t\t<\/div>\n\t\t<\/section>\n\t\t\t\t<section class=\"elementor-section elementor-top-section elementor-element elementor-element-6b8cfa1 elementor-section-boxed elementor-section-height-default elementor-section-height-default\" data-id=\"6b8cfa1\" data-element_type=\"section\" data-e-type=\"section\">\n\t\t\t\t\t\t<div class=\"elementor-container elementor-column-gap-default\">\n\t\t\t\t\t<div class=\"elementor-column elementor-col-100 elementor-top-column elementor-element elementor-element-0deb252\" data-id=\"0deb252\" data-element_type=\"column\" data-e-type=\"column\">\n\t\t\t<div class=\"elementor-widget-wrap elementor-element-populated\">\n\t\t\t\t\t\t<div class=\"elementor-element elementor-element-c9374c4 elementor-widget elementor-widget-spacer\" data-id=\"c9374c4\" data-element_type=\"widget\" data-e-type=\"widget\" data-widget_type=\"spacer.default\">\n\t\t\t\t<div class=\"elementor-widget-container\">\n\t\t\t\t\t\t\t<div class=\"elementor-spacer\">\n\t\t\t<div class=\"elementor-spacer-inner\"><\/div>\n\t\t<\/div>\n\t\t\t\t\t\t<\/div>\n\t\t\t\t<\/div>\n\t\t\t\t\t<\/div>\n\t\t<\/div>\n\t\t\t\t\t<\/div>\n\t\t<\/section>\n\t\t\t\t<\/div>\n\t\t","protected":false},"excerpt":{"rendered":"<p>podr\u0161ka \u017delite li podr\u017eati Fatimsku procesiju? Rado! Trebamo molitvu, reklamu i ne\u0161to novca. Podr\u017eite nas u tome. molitva Molite za procesiju punu milosti kako bi \u0161to vi\u0161e ljudi bilo privedeno Bezgre\u0161nom Srcu Marijinu i po njoj Isusu Kristu. Ogla\u0161avanje Ogla\u0161avanje Poslati letak (na njema\u010dkom) ili plakat na va\u0161em jeziku ili video s pozivnicom ili link [&hellip;]<\/p>\n","protected":false},"author":1,"featured_media":0,"parent":0,"menu_order":0,"comment_status":"closed","ping_status":"closed","template":"","meta":{"site-sidebar-layout":"no-sidebar","site-content-layout":"page-builder","ast-site-content-layout":"full-width-container","site-content-style":"unboxed","site-sidebar-style":"unboxed","ast-global-header-display":"","ast-banner-title-visibility":"","ast-main-header-display":"","ast-hfb-above-header-display":"","ast-hfb-below-header-display":"","ast-hfb-mobile-header-display":"","site-post-title":"disabled","ast-breadcrumbs-content":"","ast-featured-img":"disabled","footer-sml-layout":"","theme-transparent-header-meta":"","adv-header-id-meta":"","stick-header-meta":"","header-above-stick-meta":"","header-main-stick-meta":"","header-below-stick-meta":"","astra-migrate-meta-layouts":"default","ast-page-background-enabled":"default","ast-page-background-meta":{"desktop":{"background-color":"var(--ast-global-color-4)","background-image":"","background-repeat":"repeat","background-position":"center center","background-size":"auto","background-attachment":"scroll","background-type":"","background-media":"","overlay-type":"","overlay-color":"","overlay-opacity":"","overlay-gradient":""},"tablet":{"background-color":"","background-image":"","background-repeat":"repeat","background-position":"center center","background-size":"auto","background-attachment":"scroll","background-type":"","background-media":"","overlay-type":"","overlay-color":"","overlay-opacity":"","overlay-gradient":""},"mobile":{"background-color":"","background-image":"","background-repeat":"repeat","background-position":"center center","background-size":"auto","background-attachment":"scroll","background-type":"","background-media":"","overlay-type":"","overlay-color":"","overlay-opacity":"","overlay-gradient":""}},"ast-content-background-meta":{"desktop":{"background-color":"var(--ast-global-color-5)","background-image":"","background-repeat":"repeat","background-position":"center center","background-size":"auto","background-attachment":"scroll","background-type":"","background-media":"","overlay-type":"","overlay-color":"","overlay-opacity":"","overlay-gradient":""},"tablet":{"background-color":"var(--ast-global-color-5)","background-image":"","background-repeat":"repeat","background-position":"center center","background-size":"auto","background-attachment":"scroll","background-type":"","background-media":"","overlay-type":"","overlay-color":"","overlay-opacity":"","overlay-gradient":""},"mobile":{"background-color":"var(--ast-global-color-5)","background-image":"","background-repeat":"repeat","background-position":"center center","background-size":"auto","background-attachment":"scroll","background-type":"","background-media":"","overlay-type":"","overlay-color":"","overlay-opacity":"","overlay-gradient":""}},"footnotes":""},"class_list":["post-2801","page","type-page","status-publish","hentry"],"jetpack_sharing_enabled":true,"_links":{"self":[{"href":"https:\/\/basel.m-i.info\/hr\/wp-json\/wp\/v2\/pages\/2801","targetHints":{"allow":["GET"]}}],"collection":[{"href":"https:\/\/basel.m-i.info\/hr\/wp-json\/wp\/v2\/pages"}],"about":[{"href":"https:\/\/basel.m-i.info\/hr\/wp-json\/wp\/v2\/types\/page"}],"author":[{"embeddable":true,"href":"https:\/\/basel.m-i.info\/hr\/wp-json\/wp\/v2\/users\/1"}],"replies":[{"embeddable":true,"href":"https:\/\/basel.m-i.info\/hr\/wp-json\/wp\/v2\/comments?post=2801"}],"version-history":[{"count":3,"href":"https:\/\/basel.m-i.info\/hr\/wp-json\/wp\/v2\/pages\/2801\/revisions"}],"predecessor-version":[{"id":4586,"href":"https:\/\/basel.m-i.info\/hr\/wp-json\/wp\/v2\/pages\/2801\/revisions\/4586"}],"wp:attachment":[{"href":"https:\/\/basel.m-i.info\/hr\/wp-json\/wp\/v2\/media?parent=2801"}],"curies":[{"name":"wp","href":"https:\/\/api.w.org\/{rel}","templated":true}]}}